{"id":875,"date":"2024-03-20T14:06:36","date_gmt":"2024-03-20T14:06:36","guid":{"rendered":"https:\/\/renatascaff.com.br\/carrinho\/"},"modified":"2024-06-06T01:06:25","modified_gmt":"2024-06-06T01:06:25","slug":"carrinho","status":"publish","type":"page","link":"https:\/\/renatascaff.com.br\/en\/carrinho\/","title":{"rendered":"Cart"},"content":{"rendered":"<div data-elementor-type=\"wp-page\" data-elementor-id=\"875\" class=\"elementor elementor-875\" data-elementor-post-type=\"page\">\n\t\t\t\t<div class=\"elementor-element elementor-element-5f4ab19 e-con-full e-flex wpr-particle-no wpr-jarallax-no wpr-parallax-no wpr-sticky-section-no e-con e-parent\" data-id=\"5f4ab19\" data-element_type=\"container\">\n\t\t\t\t<\/div>\n\t\t\t\t<\/div>","protected":false},"excerpt":{"rendered":"<p>&nbsp; Produto &nbsp; Pre\u00e7o Quantidade Subtotal &times; Website at\u00e9 10 p\u00e1ginas + Blog &#82;&#36;&nbsp;2.677,99 Website at\u00e9 10 p\u00e1ginas + Blog quantidade &#82;&#36;&nbsp;10.711,96 Tem Cupom ? Total Subtotal &#82;&#36;&nbsp;10.711,96 Total &#82;&#36;&nbsp;10.711,96 Fazer o Pagamento<\/p>","protected":false},"author":6,"featured_media":0,"parent":0,"menu_order":0,"comment_status":"closed","ping_status":"closed","template":"","meta":{"_joinchat":[],"footnotes":""},"class_list":["post-875","page","type-page","status-publish","hentry","entry","owp-thumbs-layout-horizontal","owp-btn-normal","owp-tabs-layout-horizontal","has-no-thumbnails","has-product-nav"],"yoast_head":"<!-- This site is optimized with the Yoast SEO plugin v27.2 - https:\/\/yoast.com\/product\/yoast-seo-wordpress\/ -->\n<title>Carrinho - RS WebDesign<\/title>\n<meta name=\"robots\" content=\"index, follow, max-snippet:-1, max-image-preview:large, max-video-preview:-1\" \/>\n<link rel=\"canonical\" href=\"https:\/\/renatascaff.com.br\/en\/carrinho\/\" \/>\n<meta property=\"og:locale\" content=\"en_US\" \/>\n<meta property=\"og:type\" content=\"article\" \/>\n<meta property=\"og:title\" content=\"Carrinho - RS WebDesign\" \/>\n<meta property=\"og:description\" content=\"&nbsp; Produto &nbsp; Pre\u00e7o Quantidade Subtotal &times; Website at\u00e9 10 p\u00e1ginas + Blog &#082;&#036;&nbsp;2.677,99 Website at\u00e9 10 p\u00e1ginas + Blog quantidade &#082;&#036;&nbsp;10.711,96 Tem Cupom ? Total Subtotal &#082;&#036;&nbsp;10.711,96 Total &#082;&#036;&nbsp;10.711,96 Fazer o Pagamento\" \/>\n<meta property=\"og:url\" content=\"https:\/\/renatascaff.com.br\/en\/carrinho\/\" \/>\n<meta property=\"og:site_name\" content=\"RS WebDesign\" \/>\n<meta property=\"article:modified_time\" content=\"2024-06-06T01:06:25+00:00\" \/>\n<meta property=\"og:image\" content=\"https:\/\/renatascaff.com.br\/wp-content\/uploads\/2024\/06\/site-de-advogada-valor-site-completo-2-300x300.jpg\" \/>\n<meta name=\"twitter:card\" content=\"summary_large_image\" \/>\n<meta name=\"twitter:label1\" content=\"Est. reading time\" \/>\n\t<meta name=\"twitter:data1\" content=\"1 minute\" \/>\n<!-- \/ Yoast SEO plugin. -->","yoast_head_json":{"title":"Carrinho - RS WebDesign","robots":{"index":"index","follow":"follow","max-snippet":"max-snippet:-1","max-image-preview":"max-image-preview:large","max-video-preview":"max-video-preview:-1"},"canonical":"https:\/\/renatascaff.com.br\/en\/carrinho\/","og_locale":"en_US","og_type":"article","og_title":"Carrinho - RS WebDesign","og_description":"&nbsp; Produto &nbsp; Pre\u00e7o Quantidade Subtotal &times; Website at\u00e9 10 p\u00e1ginas + Blog &#82;&#36;&nbsp;2.677,99 Website at\u00e9 10 p\u00e1ginas + Blog quantidade &#82;&#36;&nbsp;10.711,96 Tem Cupom ? Total Subtotal &#82;&#36;&nbsp;10.711,96 Total &#82;&#36;&nbsp;10.711,96 Fazer o Pagamento","og_url":"https:\/\/renatascaff.com.br\/en\/carrinho\/","og_site_name":"RS WebDesign","article_modified_time":"2024-06-06T01:06:25+00:00","og_image":[{"url":"https:\/\/renatascaff.com.br\/wp-content\/uploads\/2024\/06\/site-de-advogada-valor-site-completo-2-300x300.jpg","type":"","width":"","height":""}],"twitter_card":"summary_large_image","twitter_misc":{"Est. reading time":"1 minute"},"schema":{"@context":"https:\/\/schema.org","@graph":[{"@type":"WebPage","@id":"https:\/\/renatascaff.com.br\/carrinho\/","url":"https:\/\/renatascaff.com.br\/carrinho\/","name":"Carrinho - RS WebDesign","isPartOf":{"@id":"https:\/\/renatascaff.com.br\/#website"},"primaryImageOfPage":{"@id":"https:\/\/renatascaff.com.br\/carrinho\/#primaryimage"},"image":{"@id":"https:\/\/renatascaff.com.br\/carrinho\/#primaryimage"},"thumbnailUrl":"https:\/\/renatascaff.com.br\/wp-content\/uploads\/2024\/06\/site-de-advogada-valor-site-completo-2-300x300.jpg","datePublished":"2024-03-20T14:06:36+00:00","dateModified":"2024-06-06T01:06:25+00:00","breadcrumb":{"@id":"https:\/\/renatascaff.com.br\/carrinho\/#breadcrumb"},"inLanguage":"en-US","potentialAction":[{"@type":"ReadAction","target":["https:\/\/renatascaff.com.br\/carrinho\/"]}]},{"@type":"ImageObject","inLanguage":"en-US","@id":"https:\/\/renatascaff.com.br\/carrinho\/#primaryimage","url":"https:\/\/renatascaff.com.br\/wp-content\/uploads\/2024\/06\/site-de-advogada-valor-site-completo-2-300x300.jpg","contentUrl":"https:\/\/renatascaff.com.br\/wp-content\/uploads\/2024\/06\/site-de-advogada-valor-site-completo-2-300x300.jpg"},{"@type":"BreadcrumbList","@id":"https:\/\/renatascaff.com.br\/carrinho\/#breadcrumb","itemListElement":[{"@type":"ListItem","position":1,"name":"Home","item":"https:\/\/renatascaff.com.br\/"},{"@type":"ListItem","position":2,"name":"Carrinho"}]},{"@type":"WebSite","@id":"https:\/\/renatascaff.com.br\/#website","url":"https:\/\/renatascaff.com.br\/","name":"Renata Scaff","description":"Site de Advogada, Site de Arquiteta, Site de Cl\u00ednica, Site de M\u00e9dica","publisher":{"@id":"https:\/\/renatascaff.com.br\/#organization"},"potentialAction":[{"@type":"SearchAction","target":{"@type":"EntryPoint","urlTemplate":"https:\/\/renatascaff.com.br\/?s={search_term_string}"},"query-input":{"@type":"PropertyValueSpecification","valueRequired":true,"valueName":"search_term_string"}}],"inLanguage":"en-US"},{"@type":"Organization","@id":"https:\/\/renatascaff.com.br\/#organization","name":"Renata Scaff","url":"https:\/\/renatascaff.com.br\/","logo":{"@type":"ImageObject","inLanguage":"en-US","@id":"https:\/\/renatascaff.com.br\/#\/schema\/logo\/image\/","url":"https:\/\/renatascaff.com.br\/wp-content\/uploads\/2024\/07\/logo-assinatura-pequeno.png","contentUrl":"https:\/\/renatascaff.com.br\/wp-content\/uploads\/2024\/07\/logo-assinatura-pequeno.png","width":148,"height":125,"caption":"Renata Scaff"},"image":{"@id":"https:\/\/renatascaff.com.br\/#\/schema\/logo\/image\/"}}]}},"_links":{"self":[{"href":"https:\/\/renatascaff.com.br\/en\/wp-json\/wp\/v2\/pages\/875","targetHints":{"allow":["GET"]}}],"collection":[{"href":"https:\/\/renatascaff.com.br\/en\/wp-json\/wp\/v2\/pages"}],"about":[{"href":"https:\/\/renatascaff.com.br\/en\/wp-json\/wp\/v2\/types\/page"}],"author":[{"embeddable":true,"href":"https:\/\/renatascaff.com.br\/en\/wp-json\/wp\/v2\/users\/6"}],"replies":[{"embeddable":true,"href":"https:\/\/renatascaff.com.br\/en\/wp-json\/wp\/v2\/comments?post=875"}],"version-history":[{"count":0,"href":"https:\/\/renatascaff.com.br\/en\/wp-json\/wp\/v2\/pages\/875\/revisions"}],"wp:attachment":[{"href":"https:\/\/renatascaff.com.br\/en\/wp-json\/wp\/v2\/media?parent=875"}],"curies":[{"name":"wp","href":"https:\/\/api.w.org\/{rel}","templated":true}]}}