{"id":3073,"date":"2024-06-11T20:03:32","date_gmt":"2024-06-11T20:03:32","guid":{"rendered":"https:\/\/renatascaff.com.br\/?page_id=3073"},"modified":"2024-06-11T20:03:32","modified_gmt":"2024-06-11T20:03:32","slug":"sobre-mim","status":"publish","type":"page","link":"https:\/\/renatascaff.com.br\/en\/sobre-mim\/","title":{"rendered":"Sobre Mim"},"content":{"rendered":"<p>Meu nome \u00e9 Renata , sou formada em arquitetura, com especializa\u00e7\u00e3o em Design.<\/p>\n<p>De fato, a minha forma\u00e7\u00e3o em arquitetura proporcionou-me uma base s\u00f3lida em termos de criatividade, est\u00e9tica e funcionalidade, aspectos essenciais para o design de espa\u00e7os e projetos digitais.<br \/>\nAl\u00e9m de que, a especializa\u00e7\u00e3o em design complementou e aprimorou minha forma\u00e7\u00e3o, permitindo-me explorar novas t\u00e9cnicas e tend\u00eancias do mercado.<\/p>\n<p>Uma vez que trabalho h\u00e1 mais de 8 anos na \u00e1rea de cria\u00e7\u00e3o de sites, acumulando experi\u00eancia em ag\u00eancias especializadas na cria\u00e7\u00e3o de e-commerces e sites diversos.<\/p>\n<p>Dessa forma, a paix\u00e3o pela cria\u00e7\u00e3o de sites me impulsionou a mergulhar mais fundo nesse universo, compreendendo a import\u00e2ncia de acompanhar as tend\u00eancias do mercado e as inova\u00e7\u00f5es tecnol\u00f3gicas.<\/p>\n<p>Por meio de estudos e pr\u00e1ticas cont\u00ednuas, busco oferecer solu\u00e7\u00f5es criativas e eficientes para atender \u00e0s necessidades dos clientes e proporcionar uma experi\u00eancia digital \u00fanica e satisfat\u00f3ria.<\/p>\n<p>O comprometimento com a excel\u00eancia e a busca pela qualidade em cada projeto s\u00e3o pilares essenciais do meu trabalho, sempre visando superar as expectativas e garantir a satisfa\u00e7\u00e3o dos clientes.<\/p>\n<p>Acima de tudo, acredito no poder transformador da presen\u00e7a online bem estruturada e estrategicamente planejada, capaz de impulsionar neg\u00f3cios e fortalecer marcas no ambiente digital.<\/p>\n<p>Com uma s\u00f3lida base de conhecimento e uma trajet\u00f3ria profissional marcada pela dedica\u00e7\u00e3o e pelo empenho, estou preparado para enfrentar novos desafios e contribuir de forma significativa para o sucesso de projetos de cria\u00e7\u00e3o de sites.<\/p>\n<p>Por Fim, acredito que a constante evolu\u00e7\u00e3o e a busca pela excel\u00eancia s\u00e3o fundamentais para alcan\u00e7ar resultados expressivos e consolidar minha atua\u00e7\u00e3o nesse segmento t\u00e3o din\u00e2mico e competitivo.<\/p>","protected":false},"excerpt":{"rendered":"<p>Meu nome \u00e9 Renata , sou formada em arquitetura, com especializa\u00e7\u00e3o em Design. De fato, a minha forma\u00e7\u00e3o em arquitetura proporcionou-me uma base s\u00f3lida em termos de criatividade, est\u00e9tica e funcionalidade, aspectos essenciais para o design de espa\u00e7os e projetos digitais. Al\u00e9m de que, a especializa\u00e7\u00e3o em design complementou e aprimorou minha forma\u00e7\u00e3o, permitindo-me explorar novas t\u00e9cnicas e tend\u00eancias do mercado. Uma vez que trabalho h\u00e1 mais de 8 anos na \u00e1rea de cria\u00e7\u00e3o de sites, acumulando experi\u00eancia em ag\u00eancias especializadas na cria\u00e7\u00e3o de e-commerces e sites diversos. Dessa forma, a paix\u00e3o pela cria\u00e7\u00e3o de sites me impulsionou a mergulhar mais fundo nesse universo, compreendendo a import\u00e2ncia de acompanhar as tend\u00eancias do mercado e as inova\u00e7\u00f5es tecnol\u00f3gicas. Por meio de estudos e pr\u00e1ticas cont\u00ednuas, busco oferecer solu\u00e7\u00f5es criativas e eficientes para atender \u00e0s necessidades dos clientes e proporcionar uma experi\u00eancia digital \u00fanica e satisfat\u00f3ria. O comprometimento com a excel\u00eancia e a busca pela qualidade em cada projeto s\u00e3o pilares essenciais do meu trabalho, sempre visando superar as expectativas e garantir a satisfa\u00e7\u00e3o dos clientes. Acima de tudo, acredito no poder transformador da presen\u00e7a online bem estruturada e estrategicamente planejada, capaz de impulsionar neg\u00f3cios e fortalecer marcas no ambiente digital. Com uma s\u00f3lida base de conhecimento e uma trajet\u00f3ria profissional marcada pela dedica\u00e7\u00e3o e pelo empenho, estou preparado para enfrentar novos desafios e contribuir de forma significativa para o sucesso de projetos de cria\u00e7\u00e3o de sites. Por Fim, acredito que a constante evolu\u00e7\u00e3o e a busca pela excel\u00eancia s\u00e3o fundamentais para alcan\u00e7ar resultados expressivos e consolidar minha atua\u00e7\u00e3o nesse segmento t\u00e3o din\u00e2mico e competitivo.<\/p>","protected":false},"author":6,"featured_media":0,"parent":0,"menu_order":0,"comment_status":"closed","ping_status":"closed","template":"","meta":{"_joinchat":[],"footnotes":""},"class_list":["post-3073","page","type-page","status-publish","hentry","entry","owp-thumbs-layout-horizontal","owp-btn-normal","owp-tabs-layout-horizontal","has-no-thumbnails","has-product-nav"],"yoast_head":"<!-- This site is optimized with the Yoast SEO plugin v27.2 - https:\/\/yoast.com\/product\/yoast-seo-wordpress\/ -->\n<title>Sobre Mim - RS WebDesign<\/title>\n<meta name=\"robots\" content=\"index, follow, max-snippet:-1, max-image-preview:large, max-video-preview:-1\" \/>\n<link rel=\"canonical\" href=\"https:\/\/renatascaff.com.br\/en\/sobre-mim\/\" \/>\n<meta property=\"og:locale\" content=\"en_US\" \/>\n<meta property=\"og:type\" content=\"article\" \/>\n<meta property=\"og:title\" content=\"Sobre Mim - RS WebDesign\" \/>\n<meta property=\"og:description\" content=\"Meu nome \u00e9 Renata , sou formada em arquitetura, com especializa\u00e7\u00e3o em Design. De fato, a minha forma\u00e7\u00e3o em arquitetura proporcionou-me uma base s\u00f3lida em termos de criatividade, est\u00e9tica e funcionalidade, aspectos essenciais para o design de espa\u00e7os e projetos digitais. Al\u00e9m de que, a especializa\u00e7\u00e3o em design complementou e aprimorou minha forma\u00e7\u00e3o, permitindo-me explorar novas t\u00e9cnicas e tend\u00eancias do mercado. Uma vez que trabalho h\u00e1 mais de 8 anos na \u00e1rea de cria\u00e7\u00e3o de sites, acumulando experi\u00eancia em ag\u00eancias especializadas na cria\u00e7\u00e3o de e-commerces e sites diversos. Dessa forma, a paix\u00e3o pela cria\u00e7\u00e3o de sites me impulsionou a mergulhar mais fundo nesse universo, compreendendo a import\u00e2ncia de acompanhar as tend\u00eancias do mercado e as inova\u00e7\u00f5es tecnol\u00f3gicas. Por meio de estudos e pr\u00e1ticas cont\u00ednuas, busco oferecer solu\u00e7\u00f5es criativas e eficientes para atender \u00e0s necessidades dos clientes e proporcionar uma experi\u00eancia digital \u00fanica e satisfat\u00f3ria. O comprometimento com a excel\u00eancia e a busca pela qualidade em cada projeto s\u00e3o pilares essenciais do meu trabalho, sempre visando superar as expectativas e garantir a satisfa\u00e7\u00e3o dos clientes. Acima de tudo, acredito no poder transformador da presen\u00e7a online bem estruturada e estrategicamente planejada, capaz de impulsionar neg\u00f3cios e fortalecer marcas no ambiente digital. Com uma s\u00f3lida base de conhecimento e uma trajet\u00f3ria profissional marcada pela dedica\u00e7\u00e3o e pelo empenho, estou preparado para enfrentar novos desafios e contribuir de forma significativa para o sucesso de projetos de cria\u00e7\u00e3o de sites. Por Fim, acredito que a constante evolu\u00e7\u00e3o e a busca pela excel\u00eancia s\u00e3o fundamentais para alcan\u00e7ar resultados expressivos e consolidar minha atua\u00e7\u00e3o nesse segmento t\u00e3o din\u00e2mico e competitivo.\" \/>\n<meta property=\"og:url\" content=\"https:\/\/renatascaff.com.br\/en\/sobre-mim\/\" \/>\n<meta property=\"og:site_name\" content=\"RS WebDesign\" \/>\n<meta name=\"twitter:card\" content=\"summary_large_image\" \/>\n<meta name=\"twitter:label1\" content=\"Est. reading time\" \/>\n\t<meta name=\"twitter:data1\" content=\"2 minutes\" \/>\n<!-- \/ Yoast SEO plugin. -->","yoast_head_json":{"title":"Sobre Mim - RS WebDesign","robots":{"index":"index","follow":"follow","max-snippet":"max-snippet:-1","max-image-preview":"max-image-preview:large","max-video-preview":"max-video-preview:-1"},"canonical":"https:\/\/renatascaff.com.br\/en\/sobre-mim\/","og_locale":"en_US","og_type":"article","og_title":"Sobre Mim - RS WebDesign","og_description":"Meu nome \u00e9 Renata , sou formada em arquitetura, com especializa\u00e7\u00e3o em Design. De fato, a minha forma\u00e7\u00e3o em arquitetura proporcionou-me uma base s\u00f3lida em termos de criatividade, est\u00e9tica e funcionalidade, aspectos essenciais para o design de espa\u00e7os e projetos digitais. Al\u00e9m de que, a especializa\u00e7\u00e3o em design complementou e aprimorou minha forma\u00e7\u00e3o, permitindo-me explorar novas t\u00e9cnicas e tend\u00eancias do mercado. Uma vez que trabalho h\u00e1 mais de 8 anos na \u00e1rea de cria\u00e7\u00e3o de sites, acumulando experi\u00eancia em ag\u00eancias especializadas na cria\u00e7\u00e3o de e-commerces e sites diversos. Dessa forma, a paix\u00e3o pela cria\u00e7\u00e3o de sites me impulsionou a mergulhar mais fundo nesse universo, compreendendo a import\u00e2ncia de acompanhar as tend\u00eancias do mercado e as inova\u00e7\u00f5es tecnol\u00f3gicas. Por meio de estudos e pr\u00e1ticas cont\u00ednuas, busco oferecer solu\u00e7\u00f5es criativas e eficientes para atender \u00e0s necessidades dos clientes e proporcionar uma experi\u00eancia digital \u00fanica e satisfat\u00f3ria. O comprometimento com a excel\u00eancia e a busca pela qualidade em cada projeto s\u00e3o pilares essenciais do meu trabalho, sempre visando superar as expectativas e garantir a satisfa\u00e7\u00e3o dos clientes. Acima de tudo, acredito no poder transformador da presen\u00e7a online bem estruturada e estrategicamente planejada, capaz de impulsionar neg\u00f3cios e fortalecer marcas no ambiente digital. Com uma s\u00f3lida base de conhecimento e uma trajet\u00f3ria profissional marcada pela dedica\u00e7\u00e3o e pelo empenho, estou preparado para enfrentar novos desafios e contribuir de forma significativa para o sucesso de projetos de cria\u00e7\u00e3o de sites. Por Fim, acredito que a constante evolu\u00e7\u00e3o e a busca pela excel\u00eancia s\u00e3o fundamentais para alcan\u00e7ar resultados expressivos e consolidar minha atua\u00e7\u00e3o nesse segmento t\u00e3o din\u00e2mico e competitivo.","og_url":"https:\/\/renatascaff.com.br\/en\/sobre-mim\/","og_site_name":"RS WebDesign","twitter_card":"summary_large_image","twitter_misc":{"Est. reading time":"2 minutes"},"schema":{"@context":"https:\/\/schema.org","@graph":[{"@type":"WebPage","@id":"https:\/\/renatascaff.com.br\/sobre-mim\/","url":"https:\/\/renatascaff.com.br\/sobre-mim\/","name":"Sobre Mim - RS WebDesign","isPartOf":{"@id":"https:\/\/renatascaff.com.br\/#website"},"datePublished":"2024-06-11T20:03:32+00:00","breadcrumb":{"@id":"https:\/\/renatascaff.com.br\/sobre-mim\/#breadcrumb"},"inLanguage":"en-US","potentialAction":[{"@type":"ReadAction","target":["https:\/\/renatascaff.com.br\/sobre-mim\/"]}]},{"@type":"BreadcrumbList","@id":"https:\/\/renatascaff.com.br\/sobre-mim\/#breadcrumb","itemListElement":[{"@type":"ListItem","position":1,"name":"Home","item":"https:\/\/renatascaff.com.br\/"},{"@type":"ListItem","position":2,"name":"Sobre Mim"}]},{"@type":"WebSite","@id":"https:\/\/renatascaff.com.br\/#website","url":"https:\/\/renatascaff.com.br\/","name":"Renata Scaff","description":"Site de Advogada, Site de Arquiteta, Site de Cl\u00ednica, Site de M\u00e9dica","publisher":{"@id":"https:\/\/renatascaff.com.br\/#organization"},"potentialAction":[{"@type":"SearchAction","target":{"@type":"EntryPoint","urlTemplate":"https:\/\/renatascaff.com.br\/?s={search_term_string}"},"query-input":{"@type":"PropertyValueSpecification","valueRequired":true,"valueName":"search_term_string"}}],"inLanguage":"en-US"},{"@type":"Organization","@id":"https:\/\/renatascaff.com.br\/#organization","name":"Renata Scaff","url":"https:\/\/renatascaff.com.br\/","logo":{"@type":"ImageObject","inLanguage":"en-US","@id":"https:\/\/renatascaff.com.br\/#\/schema\/logo\/image\/","url":"https:\/\/renatascaff.com.br\/wp-content\/uploads\/2024\/07\/logo-assinatura-pequeno.png","contentUrl":"https:\/\/renatascaff.com.br\/wp-content\/uploads\/2024\/07\/logo-assinatura-pequeno.png","width":148,"height":125,"caption":"Renata Scaff"},"image":{"@id":"https:\/\/renatascaff.com.br\/#\/schema\/logo\/image\/"}}]}},"_links":{"self":[{"href":"https:\/\/renatascaff.com.br\/en\/wp-json\/wp\/v2\/pages\/3073","targetHints":{"allow":["GET"]}}],"collection":[{"href":"https:\/\/renatascaff.com.br\/en\/wp-json\/wp\/v2\/pages"}],"about":[{"href":"https:\/\/renatascaff.com.br\/en\/wp-json\/wp\/v2\/types\/page"}],"author":[{"embeddable":true,"href":"https:\/\/renatascaff.com.br\/en\/wp-json\/wp\/v2\/users\/6"}],"replies":[{"embeddable":true,"href":"https:\/\/renatascaff.com.br\/en\/wp-json\/wp\/v2\/comments?post=3073"}],"version-history":[{"count":0,"href":"https:\/\/renatascaff.com.br\/en\/wp-json\/wp\/v2\/pages\/3073\/revisions"}],"wp:attachment":[{"href":"https:\/\/renatascaff.com.br\/en\/wp-json\/wp\/v2\/media?parent=3073"}],"curies":[{"name":"wp","href":"https:\/\/api.w.org\/{rel}","templated":true}]}}