{"id":1938,"date":"2024-06-01T17:23:11","date_gmt":"2024-06-01T17:23:11","guid":{"rendered":"https:\/\/renatascaff.com.br\/?page_id=1938"},"modified":"2024-06-01T17:23:11","modified_gmt":"2024-06-01T17:23:11","slug":"politica-de-cookies","status":"publish","type":"page","link":"https:\/\/renatascaff.com.br\/en\/politica-de-cookies\/","title":{"rendered":"Cookies Policy"},"content":{"rendered":"<p>What are cookies? This Cookie Policy explains what cookies are and how we use them, the types of cookies we use i.e, the information we collect using cookies and how that information is used, and how to manage cookie settings.<\/p>\n<p>Cookies are small text files that are used to store small pieces of information. They are stored on your device when the website is loaded on your browser. These cookies help us make the website function properly, make it more secure, provide better user experience, and understand how the website performs, as well as to analyze what works and where it needs improvement.<\/p>\n<h3>How do we use cookies?<\/h3>\n<p>Like most online services, our website uses first-party and third-party cookies for a number of purposes. First-party cookies are necessary for the website to function properly, and they do not collect any personally identifiable data from you.<br \/>\nThe third-party cookies used on our website are mainly for understanding how the website performs, how you interact with our website, keeping our services secure, providing advertisements that are relevant to you, and all in all providing you with a better and improved user experience and help speed up your future interactions with our website.<\/p>\n<h3>Cookie Management<\/h3>\n<p>Different browsers provide different methods for blocking and deleting cookies used by websites. You can change your browser settings to block\/delete cookies. Below are links to support documents on how to manage and delete cookies for the main web browsers.<\/p>\n<p><strong>Here&#039;s how to make changes to each browser&#039;s cookie settings:<\/strong><\/p>\n<p><strong>Chrome<\/strong>: https:\/\/support.google.com\/accounts\/answer\/32050<br \/>\n<strong>Safari:<\/strong> https:\/\/support.apple.com\/en-in\/guide\/safari\/sfri11471\/mac<br \/>\n<strong>Firefox:<\/strong> https:\/\/support.mozilla.org\/en-US\/kb\/clear-cookies-and-site-data-firefox?redirectslug=delete-cookies-remove-info-websites-stored&amp;redirectlocale=en-US<br \/>\n<strong>Internet Explorer:<\/strong> https:\/\/support.microsoft.com\/en-us\/topic\/how-to-delete-cookie-files-in-internet-explorer-bca9446f-d873-78de-77ba-d42645fa52fc<br \/>\nIf you are using any other web browser, please refer to the official support documents for your browser.<\/p>","protected":false},"excerpt":{"rendered":"<p>O que s\u00e3o cookies? Esta Pol\u00edtica de Cookies explica o que s\u00e3o cookies e como os utilizamos, os tipos de cookies que utilizamos, ou seja, as informa\u00e7\u00f5es que recolhemos utilizando cookies e como essas informa\u00e7\u00f5es s\u00e3o utilizadas, e como gerir as defini\u00e7\u00f5es de cookies. Os cookies s\u00e3o pequenos ficheiros de texto que s\u00e3o utilizados para armazenar pequenas informa\u00e7\u00f5es. S\u00e3o armazenados no seu dispositivo quando o s\u00edtio Web \u00e9 carregado no seu navegador. Estes cookies ajudam-nos a fazer com que o s\u00edtio Web funcione corretamente, a torn\u00e1-lo mais seguro, a proporcionar uma melhor experi\u00eancia ao utilizador e a compreender o desempenho do s\u00edtio Web, bem como a analisar o que funciona e onde \u00e9 necess\u00e1rio melhorar. Como utilizamos os cookies? Tal como a maioria dos servi\u00e7os em linha, o nosso s\u00edtio Web utiliza cookies pr\u00f3prios e de terceiros para diversos fins. Os cookies pr\u00f3prios s\u00e3o necess\u00e1rios para que o s\u00edtio Web funcione corretamente e n\u00e3o recolhem quaisquer dados pessoais identific\u00e1veis do utilizador. Os cookies de terceiros utilizados no nosso s\u00edtio Web destinam-se principalmente a compreender o desempenho do s\u00edtio Web, a forma como o utilizador interage com o nosso s\u00edtio Web, a manter os nossos servi\u00e7os seguros, a fornecer an\u00fancios relevantes para o utilizador e, em suma, a proporcionar-lhe uma experi\u00eancia de utilizador melhor e mais aperfei\u00e7oada e a ajudar a acelerar as suas futuras interac\u00e7\u00f5es com o nosso s\u00edtio Web. Gerenciamento dos Cookies Diferentes navegadores fornecem diferentes m\u00e9todos para bloquear e apagar os cookies utilizados pelos s\u00edtios Web. Pode alterar as defini\u00e7\u00f5es do seu navegador para bloquear\/eliminar os cookies. Seguem-se as liga\u00e7\u00f5es para os documentos de apoio sobre como gerir e eliminar cookies dos principais navegadores Web. Veja como fazer modifica\u00e7\u00f5es nas configura\u00e7\u00f5es de cookies de cada navegador: Chrome: https:\/\/support.google.com\/accounts\/answer\/32050 Safari: https:\/\/support.apple.com\/en-in\/guide\/safari\/sfri11471\/mac Firefox: https:\/\/support.mozilla.org\/en-US\/kb\/clear-cookies-and-site-data-firefox?redirectslug=delete-cookies-remove-info-websites-stored&amp;redirectlocale=en-US Internet Explorer: https:\/\/support.microsoft.com\/en-us\/topic\/how-to-delete-cookie-files-in-internet-explorer-bca9446f-d873-78de-77ba-d42645fa52fc Se estiver a utilizar qualquer outro navegador Web, consulte os documentos de apoio oficiais do seu navegador.<\/p>","protected":false},"author":6,"featured_media":0,"parent":0,"menu_order":0,"comment_status":"closed","ping_status":"closed","template":"","meta":{"_joinchat":[],"footnotes":""},"class_list":["post-1938","page","type-page","status-publish","hentry","entry","owp-thumbs-layout-horizontal","owp-btn-normal","owp-tabs-layout-horizontal","has-no-thumbnails","has-product-nav"],"yoast_head":"<!-- This site is optimized with the Yoast SEO plugin v27.2 - https:\/\/yoast.com\/product\/yoast-seo-wordpress\/ -->\n<title>Pol\u00edtica de Cookies - RS WebDesign<\/title>\n<meta name=\"robots\" content=\"index, follow, max-snippet:-1, max-image-preview:large, max-video-preview:-1\" \/>\n<link rel=\"canonical\" href=\"https:\/\/renatascaff.com.br\/en\/politica-de-cookies\/\" \/>\n<meta property=\"og:locale\" content=\"en_US\" \/>\n<meta property=\"og:type\" content=\"article\" \/>\n<meta property=\"og:title\" content=\"Pol\u00edtica de Cookies - RS WebDesign\" \/>\n<meta property=\"og:description\" content=\"O que s\u00e3o cookies? Esta Pol\u00edtica de Cookies explica o que s\u00e3o cookies e como os utilizamos, os tipos de cookies que utilizamos, ou seja, as informa\u00e7\u00f5es que recolhemos utilizando cookies e como essas informa\u00e7\u00f5es s\u00e3o utilizadas, e como gerir as defini\u00e7\u00f5es de cookies. Os cookies s\u00e3o pequenos ficheiros de texto que s\u00e3o utilizados para armazenar pequenas informa\u00e7\u00f5es. S\u00e3o armazenados no seu dispositivo quando o s\u00edtio Web \u00e9 carregado no seu navegador. Estes cookies ajudam-nos a fazer com que o s\u00edtio Web funcione corretamente, a torn\u00e1-lo mais seguro, a proporcionar uma melhor experi\u00eancia ao utilizador e a compreender o desempenho do s\u00edtio Web, bem como a analisar o que funciona e onde \u00e9 necess\u00e1rio melhorar. Como utilizamos os cookies? Tal como a maioria dos servi\u00e7os em linha, o nosso s\u00edtio Web utiliza cookies pr\u00f3prios e de terceiros para diversos fins. Os cookies pr\u00f3prios s\u00e3o necess\u00e1rios para que o s\u00edtio Web funcione corretamente e n\u00e3o recolhem quaisquer dados pessoais identific\u00e1veis do utilizador. Os cookies de terceiros utilizados no nosso s\u00edtio Web destinam-se principalmente a compreender o desempenho do s\u00edtio Web, a forma como o utilizador interage com o nosso s\u00edtio Web, a manter os nossos servi\u00e7os seguros, a fornecer an\u00fancios relevantes para o utilizador e, em suma, a proporcionar-lhe uma experi\u00eancia de utilizador melhor e mais aperfei\u00e7oada e a ajudar a acelerar as suas futuras interac\u00e7\u00f5es com o nosso s\u00edtio Web. Gerenciamento dos Cookies Diferentes navegadores fornecem diferentes m\u00e9todos para bloquear e apagar os cookies utilizados pelos s\u00edtios Web. Pode alterar as defini\u00e7\u00f5es do seu navegador para bloquear\/eliminar os cookies. Seguem-se as liga\u00e7\u00f5es para os documentos de apoio sobre como gerir e eliminar cookies dos principais navegadores Web. Veja como fazer modifica\u00e7\u00f5es nas configura\u00e7\u00f5es de cookies de cada navegador: Chrome: https:\/\/support.google.com\/accounts\/answer\/32050 Safari: https:\/\/support.apple.com\/en-in\/guide\/safari\/sfri11471\/mac Firefox: https:\/\/support.mozilla.org\/en-US\/kb\/clear-cookies-and-site-data-firefox?redirectslug=delete-cookies-remove-info-websites-stored&amp;redirectlocale=en-US Internet Explorer: https:\/\/support.microsoft.com\/en-us\/topic\/how-to-delete-cookie-files-in-internet-explorer-bca9446f-d873-78de-77ba-d42645fa52fc Se estiver a utilizar qualquer outro navegador Web, consulte os documentos de apoio oficiais do seu navegador.\" \/>\n<meta property=\"og:url\" content=\"https:\/\/renatascaff.com.br\/en\/politica-de-cookies\/\" \/>\n<meta property=\"og:site_name\" content=\"RS WebDesign\" \/>\n<meta name=\"twitter:card\" content=\"summary_large_image\" \/>\n<meta name=\"twitter:label1\" content=\"Est. reading time\" \/>\n\t<meta name=\"twitter:data1\" content=\"2 minutes\" \/>\n<!-- \/ Yoast SEO plugin. -->","yoast_head_json":{"title":"Pol\u00edtica de Cookies - RS WebDesign","robots":{"index":"index","follow":"follow","max-snippet":"max-snippet:-1","max-image-preview":"max-image-preview:large","max-video-preview":"max-video-preview:-1"},"canonical":"https:\/\/renatascaff.com.br\/en\/politica-de-cookies\/","og_locale":"en_US","og_type":"article","og_title":"Pol\u00edtica de Cookies - RS WebDesign","og_description":"O que s\u00e3o cookies? Esta Pol\u00edtica de Cookies explica o que s\u00e3o cookies e como os utilizamos, os tipos de cookies que utilizamos, ou seja, as informa\u00e7\u00f5es que recolhemos utilizando cookies e como essas informa\u00e7\u00f5es s\u00e3o utilizadas, e como gerir as defini\u00e7\u00f5es de cookies. Os cookies s\u00e3o pequenos ficheiros de texto que s\u00e3o utilizados para armazenar pequenas informa\u00e7\u00f5es. S\u00e3o armazenados no seu dispositivo quando o s\u00edtio Web \u00e9 carregado no seu navegador. Estes cookies ajudam-nos a fazer com que o s\u00edtio Web funcione corretamente, a torn\u00e1-lo mais seguro, a proporcionar uma melhor experi\u00eancia ao utilizador e a compreender o desempenho do s\u00edtio Web, bem como a analisar o que funciona e onde \u00e9 necess\u00e1rio melhorar. Como utilizamos os cookies? Tal como a maioria dos servi\u00e7os em linha, o nosso s\u00edtio Web utiliza cookies pr\u00f3prios e de terceiros para diversos fins. Os cookies pr\u00f3prios s\u00e3o necess\u00e1rios para que o s\u00edtio Web funcione corretamente e n\u00e3o recolhem quaisquer dados pessoais identific\u00e1veis do utilizador. Os cookies de terceiros utilizados no nosso s\u00edtio Web destinam-se principalmente a compreender o desempenho do s\u00edtio Web, a forma como o utilizador interage com o nosso s\u00edtio Web, a manter os nossos servi\u00e7os seguros, a fornecer an\u00fancios relevantes para o utilizador e, em suma, a proporcionar-lhe uma experi\u00eancia de utilizador melhor e mais aperfei\u00e7oada e a ajudar a acelerar as suas futuras interac\u00e7\u00f5es com o nosso s\u00edtio Web. Gerenciamento dos Cookies Diferentes navegadores fornecem diferentes m\u00e9todos para bloquear e apagar os cookies utilizados pelos s\u00edtios Web. Pode alterar as defini\u00e7\u00f5es do seu navegador para bloquear\/eliminar os cookies. Seguem-se as liga\u00e7\u00f5es para os documentos de apoio sobre como gerir e eliminar cookies dos principais navegadores Web. Veja como fazer modifica\u00e7\u00f5es nas configura\u00e7\u00f5es de cookies de cada navegador: Chrome: https:\/\/support.google.com\/accounts\/answer\/32050 Safari: https:\/\/support.apple.com\/en-in\/guide\/safari\/sfri11471\/mac Firefox: https:\/\/support.mozilla.org\/en-US\/kb\/clear-cookies-and-site-data-firefox?redirectslug=delete-cookies-remove-info-websites-stored&amp;redirectlocale=en-US Internet Explorer: https:\/\/support.microsoft.com\/en-us\/topic\/how-to-delete-cookie-files-in-internet-explorer-bca9446f-d873-78de-77ba-d42645fa52fc Se estiver a utilizar qualquer outro navegador Web, consulte os documentos de apoio oficiais do seu navegador.","og_url":"https:\/\/renatascaff.com.br\/en\/politica-de-cookies\/","og_site_name":"RS WebDesign","twitter_card":"summary_large_image","twitter_misc":{"Est. reading time":"2 minutes"},"schema":{"@context":"https:\/\/schema.org","@graph":[{"@type":"WebPage","@id":"https:\/\/renatascaff.com.br\/politica-de-cookies\/","url":"https:\/\/renatascaff.com.br\/politica-de-cookies\/","name":"Pol\u00edtica de Cookies - RS WebDesign","isPartOf":{"@id":"https:\/\/renatascaff.com.br\/#website"},"datePublished":"2024-06-01T17:23:11+00:00","breadcrumb":{"@id":"https:\/\/renatascaff.com.br\/politica-de-cookies\/#breadcrumb"},"inLanguage":"en-US","potentialAction":[{"@type":"ReadAction","target":["https:\/\/renatascaff.com.br\/politica-de-cookies\/"]}]},{"@type":"BreadcrumbList","@id":"https:\/\/renatascaff.com.br\/politica-de-cookies\/#breadcrumb","itemListElement":[{"@type":"ListItem","position":1,"name":"Home","item":"https:\/\/renatascaff.com.br\/"},{"@type":"ListItem","position":2,"name":"Pol\u00edtica de Cookies"}]},{"@type":"WebSite","@id":"https:\/\/renatascaff.com.br\/#website","url":"https:\/\/renatascaff.com.br\/","name":"Renata Scaff","description":"Site de Advogada, Site de Arquiteta, Site de Cl\u00ednica, Site de M\u00e9dica","publisher":{"@id":"https:\/\/renatascaff.com.br\/#organization"},"potentialAction":[{"@type":"SearchAction","target":{"@type":"EntryPoint","urlTemplate":"https:\/\/renatascaff.com.br\/?s={search_term_string}"},"query-input":{"@type":"PropertyValueSpecification","valueRequired":true,"valueName":"search_term_string"}}],"inLanguage":"en-US"},{"@type":"Organization","@id":"https:\/\/renatascaff.com.br\/#organization","name":"Renata Scaff","url":"https:\/\/renatascaff.com.br\/","logo":{"@type":"ImageObject","inLanguage":"en-US","@id":"https:\/\/renatascaff.com.br\/#\/schema\/logo\/image\/","url":"https:\/\/renatascaff.com.br\/wp-content\/uploads\/2024\/07\/logo-assinatura-pequeno.png","contentUrl":"https:\/\/renatascaff.com.br\/wp-content\/uploads\/2024\/07\/logo-assinatura-pequeno.png","width":148,"height":125,"caption":"Renata Scaff"},"image":{"@id":"https:\/\/renatascaff.com.br\/#\/schema\/logo\/image\/"}}]}},"_links":{"self":[{"href":"https:\/\/renatascaff.com.br\/en\/wp-json\/wp\/v2\/pages\/1938","targetHints":{"allow":["GET"]}}],"collection":[{"href":"https:\/\/renatascaff.com.br\/en\/wp-json\/wp\/v2\/pages"}],"about":[{"href":"https:\/\/renatascaff.com.br\/en\/wp-json\/wp\/v2\/types\/page"}],"author":[{"embeddable":true,"href":"https:\/\/renatascaff.com.br\/en\/wp-json\/wp\/v2\/users\/6"}],"replies":[{"embeddable":true,"href":"https:\/\/renatascaff.com.br\/en\/wp-json\/wp\/v2\/comments?post=1938"}],"version-history":[{"count":0,"href":"https:\/\/renatascaff.com.br\/en\/wp-json\/wp\/v2\/pages\/1938\/revisions"}],"wp:attachment":[{"href":"https:\/\/renatascaff.com.br\/en\/wp-json\/wp\/v2\/media?parent=1938"}],"curies":[{"name":"wp","href":"https:\/\/api.w.org\/{rel}","templated":true}]}}