{"id":1110,"date":"2024-04-03T14:34:47","date_gmt":"2024-04-03T14:34:47","guid":{"rendered":"https:\/\/renatascaff.com.br\/?page_id=1110"},"modified":"2025-06-07T16:04:15","modified_gmt":"2025-06-07T16:04:15","slug":"formas-de-pagamento","status":"publish","type":"page","link":"https:\/\/renatascaff.com.br\/en\/formas-de-pagamento\/","title":{"rendered":"Formas de Pagamento"},"content":{"rendered":"<div data-elementor-type=\"wp-page\" data-elementor-id=\"1110\" class=\"elementor elementor-1110\" data-elementor-post-type=\"page\">\n\t\t\t\t<div class=\"elementor-element elementor-element-c78f277 e-flex e-con-boxed wpr-particle-no wpr-jarallax-no wpr-parallax-no wpr-sticky-section-no e-con e-parent\" data-id=\"c78f277\" data-element_type=\"container\">\n\t\t\t\t\t<div class=\"e-con-inner\">\n\t\t\t\t<div class=\"elementor-element elementor-element-ad4ed8d wpr-feature-list-left wpr-feature-list-square elementor-widget elementor-widget-wpr-feature-list\" data-id=\"ad4ed8d\" data-element_type=\"widget\" data-widget_type=\"wpr-feature-list.default\">\n\t\t\t\t\t<div class=\"wpr-feature-list-wrap\"><ul class=\"wpr-feature-list\"><li class=\"wpr-feature-list-item elementor-repeater-item-4f099d1\"><div class=\"wpr-feature-list-icon-wrap\"><span class=\"wpr-feature-list-line\"><\/span><div class=\"wpr-feature-list-icon-inner-wrap\"><img decoding=\"async\" src=\"https:\/\/renatascaff.com.br\/wp-content\/uploads\/2025\/06\/site-de-advogada-pix.jpg\"><\/div><\/div><div class=\"wpr-feature-list-content-wrap\"><h2 class=\"wpr-feature-list-title\"><a class=\"wpr-feature-list-url\" target=\"_blank\" rel=\"nofollow\">Pagamento via Pix<\/a><\/h2><p class=\"wpr-feature-list-description\">Entrada de 60% do valor via pix e o restante na entrega do projeto pronto<\/p><\/div><\/li><li class=\"wpr-feature-list-item elementor-repeater-item-30f5e53\"><div class=\"wpr-feature-list-icon-wrap\"><span class=\"wpr-feature-list-line\"><\/span><div class=\"wpr-feature-list-icon-inner-wrap\"><img decoding=\"async\" src=\"https:\/\/renatascaff.com.br\/wp-content\/uploads\/2025\/06\/site-de-advogada-mercado-pago.jpg\"><\/div><\/div><div class=\"wpr-feature-list-content-wrap\"><h2 class=\"wpr-feature-list-title\"><a class=\"wpr-feature-list-url\" target=\"_blank\" rel=\"nofollow\">Pagamento via Mercado Pago<\/a><\/h2><p class=\"wpr-feature-list-description\">Com acr\u00e9scimo de taxa + juros<\/p><\/div><\/li><\/ul><\/div>\t\t\t\t<\/div>\n\t\t\t\t<div class=\"elementor-element elementor-element-f96cef6 elementor-widget-divider--view-line elementor-widget elementor-widget-divider\" data-id=\"f96cef6\" data-element_type=\"widget\" data-widget_type=\"divider.default\">\n\t\t\t\t\t\t\t<div class=\"elementor-divider\">\n\t\t\t<span class=\"elementor-divider-separator\">\n\t\t\t\t\t\t<\/span>\n\t\t<\/div>\n\t\t\t\t\t\t<\/div>\n\t\t\t\t<div class=\"elementor-element elementor-element-9ff851a elementor-icon-list--layout-traditional elementor-list-item-link-full_width elementor-widget elementor-widget-icon-list\" data-id=\"9ff851a\" data-element_type=\"widget\" data-widget_type=\"icon-list.default\">\n\t\t\t\t\t\t\t<ul class=\"elementor-icon-list-items\">\n\t\t\t\t\t\t\t<li class=\"elementor-icon-list-item\">\n\t\t\t\t\t\t\t\t\t\t\t<span class=\"elementor-icon-list-icon\">\n\t\t\t\t\t\t\t<i aria-hidden=\"true\" class=\"remixicon ri-bank-card-2-fill\"><\/i>\t\t\t\t\t\t<\/span>\n\t\t\t\t\t\t\t\t\t\t<span class=\"elementor-icon-list-text\">Cart\u00e3o de Cr\u00e9dito (mercado pago)<\/span>\n\t\t\t\t\t\t\t\t\t<\/li>\n\t\t\t\t\t\t<\/ul>\n\t\t\t\t\t\t<\/div>\n\t\t\t\t<div class=\"elementor-element elementor-element-c4341b7 elementor-widget elementor-widget-text-editor\" data-id=\"c4341b7\" data-element_type=\"widget\" data-widget_type=\"text-editor.default\">\n\t\t\t\t\t\t\t\t\t<p>+ 4,98% (taxa)<\/p><p>Parcelamento em at\u00e9 12x com juros<\/p>\t\t\t\t\t\t\t\t<\/div>\n\t\t\t\t<div class=\"elementor-element elementor-element-cb8046a elementor-widget__width-initial elementor-widget elementor-widget-price-list\" data-id=\"cb8046a\" data-element_type=\"widget\" data-widget_type=\"price-list.default\">\n\t\t\t\t\t\n\t\t<ul class=\"elementor-price-list\">\n\n\t\t\t\t\t\t\t\t\t<li><a class=\"elementor-price-list-item\" href=\"#\">\t\t\t\t\n\t\t\t\t<div class=\"elementor-price-list-text\">\n\t\t\t\t\t\t\t\t\t<div class=\"elementor-price-list-header\">\n\t\t\t\t\t\t\t\t\t\t\t<span class=\"elementor-price-list-title\">\n\t\t\t\t\t\t\t1x\t\t\t\t\t\t<\/span>\n\t\t\t\t\t\t\t\t\t\t\t\t\t\t\t\t\t\t<span class=\"elementor-price-list-separator\"><\/span>\n\t\t\t\t\t\t\t\t\t\t\t\t\t\t\t\t\t\t\t<span class=\"elementor-price-list-price\">4,25%<\/span>\n\t\t\t\t\t\t\t\t\t\t<\/div>\n\t\t\t\t\t\t\t\t\t\t\t\t<\/div>\n\t\t\t\t<\/a><\/li>\t\t\t\t\t\t\t\t\t\t\t\t<li><a class=\"elementor-price-list-item\" href=\"#\">\t\t\t\t\n\t\t\t\t<div class=\"elementor-price-list-text\">\n\t\t\t\t\t\t\t\t\t<div class=\"elementor-price-list-header\">\n\t\t\t\t\t\t\t\t\t\t\t<span class=\"elementor-price-list-title\">\n\t\t\t\t\t\t\t2x\t\t\t\t\t\t<\/span>\n\t\t\t\t\t\t\t\t\t\t\t\t\t\t\t\t\t\t<span class=\"elementor-price-list-separator\"><\/span>\n\t\t\t\t\t\t\t\t\t\t\t\t\t\t\t\t\t\t\t<span class=\"elementor-price-list-price\">7,17%<\/span>\n\t\t\t\t\t\t\t\t\t\t<\/div>\n\t\t\t\t\t\t\t\t\t\t\t\t<\/div>\n\t\t\t\t<\/a><\/li>\t\t\t\t\t\t\t\t\t\t\t\t<li><a class=\"elementor-price-list-item\" href=\"#\">\t\t\t\t\n\t\t\t\t<div class=\"elementor-price-list-text\">\n\t\t\t\t\t\t\t\t\t<div class=\"elementor-price-list-header\">\n\t\t\t\t\t\t\t\t\t\t\t<span class=\"elementor-price-list-title\">\n\t\t\t\t\t\t\t3x\t\t\t\t\t\t<\/span>\n\t\t\t\t\t\t\t\t\t\t\t\t\t\t\t\t\t\t<span class=\"elementor-price-list-separator\"><\/span>\n\t\t\t\t\t\t\t\t\t\t\t\t\t\t\t\t\t\t\t<span class=\"elementor-price-list-price\">7,91%<\/span>\n\t\t\t\t\t\t\t\t\t\t<\/div>\n\t\t\t\t\t\t\t\t\t\t\t\t<\/div>\n\t\t\t\t<\/a><\/li>\t\t\t\t\t\t\t\t\t\t\t\t<li><a class=\"elementor-price-list-item\" href=\"#\">\t\t\t\t\n\t\t\t\t<div class=\"elementor-price-list-text\">\n\t\t\t\t\t\t\t\t\t<div class=\"elementor-price-list-header\">\n\t\t\t\t\t\t\t\t\t\t\t<span class=\"elementor-price-list-title\">\n\t\t\t\t\t\t\t4x\t\t\t\t\t\t<\/span>\n\t\t\t\t\t\t\t\t\t\t\t\t\t\t\t\t\t\t<span class=\"elementor-price-list-separator\"><\/span>\n\t\t\t\t\t\t\t\t\t\t\t\t\t\t\t\t\t\t\t<span class=\"elementor-price-list-price\">8,71%<\/span>\n\t\t\t\t\t\t\t\t\t\t<\/div>\n\t\t\t\t\t\t\t\t\t\t\t\t<\/div>\n\t\t\t\t<\/a><\/li>\t\t\t\t\t\t\t\t\t\t\t\t<li><a class=\"elementor-price-list-item\" href=\"#\">\t\t\t\t\n\t\t\t\t<div class=\"elementor-price-list-text\">\n\t\t\t\t\t\t\t\t\t<div class=\"elementor-price-list-header\">\n\t\t\t\t\t\t\t\t\t\t\t<span class=\"elementor-price-list-title\">\n\t\t\t\t\t\t\t5x\t\t\t\t\t\t<\/span>\n\t\t\t\t\t\t\t\t\t\t\t\t\t\t\t\t\t\t<span class=\"elementor-price-list-separator\"><\/span>\n\t\t\t\t\t\t\t\t\t\t\t\t\t\t\t\t\t\t\t<span class=\"elementor-price-list-price\">9,47%<\/span>\n\t\t\t\t\t\t\t\t\t\t<\/div>\n\t\t\t\t\t\t\t\t\t\t\t\t<\/div>\n\t\t\t\t<\/a><\/li>\t\t\t\t\t\t\t\t\t\t\t\t<li><a class=\"elementor-price-list-item\" href=\"#\">\t\t\t\t\n\t\t\t\t<div class=\"elementor-price-list-text\">\n\t\t\t\t\t\t\t\t\t<div class=\"elementor-price-list-header\">\n\t\t\t\t\t\t\t\t\t\t\t<span class=\"elementor-price-list-title\">\n\t\t\t\t\t\t\t6x\t\t\t\t\t\t<\/span>\n\t\t\t\t\t\t\t\t\t\t\t\t\t\t\t\t\t\t<span class=\"elementor-price-list-separator\"><\/span>\n\t\t\t\t\t\t\t\t\t\t\t\t\t\t\t\t\t\t\t<span class=\"elementor-price-list-price\">10,21%<\/span>\n\t\t\t\t\t\t\t\t\t\t<\/div>\n\t\t\t\t\t\t\t\t\t\t\t\t<\/div>\n\t\t\t\t<\/a><\/li>\t\t\t\t\t\t\t\t\t\t\t\t<li><a class=\"elementor-price-list-item\" href=\"#\">\t\t\t\t\n\t\t\t\t<div class=\"elementor-price-list-text\">\n\t\t\t\t\t\t\t\t\t<div class=\"elementor-price-list-header\">\n\t\t\t\t\t\t\t\t\t\t\t<span class=\"elementor-price-list-title\">\n\t\t\t\t\t\t\t7x\t\t\t\t\t\t<\/span>\n\t\t\t\t\t\t\t\t\t\t\t\t\t\t\t\t\t\t<span class=\"elementor-price-list-separator\"><\/span>\n\t\t\t\t\t\t\t\t\t\t\t\t\t\t\t\t\t\t\t<span class=\"elementor-price-list-price\">10,87%<\/span>\n\t\t\t\t\t\t\t\t\t\t<\/div>\n\t\t\t\t\t\t\t\t\t\t\t\t<\/div>\n\t\t\t\t<\/a><\/li>\t\t\t\t\t\t\t\t\t\t\t\t<li><a class=\"elementor-price-list-item\" href=\"#\">\t\t\t\t\n\t\t\t\t<div class=\"elementor-price-list-text\">\n\t\t\t\t\t\t\t\t\t<div class=\"elementor-price-list-header\">\n\t\t\t\t\t\t\t\t\t\t\t<span class=\"elementor-price-list-title\">\n\t\t\t\t\t\t\t8x\t\t\t\t\t\t<\/span>\n\t\t\t\t\t\t\t\t\t\t\t\t\t\t\t\t\t\t<span class=\"elementor-price-list-separator\"><\/span>\n\t\t\t\t\t\t\t\t\t\t\t\t\t\t\t\t\t\t\t<span class=\"elementor-price-list-price\">11,73%<\/span>\n\t\t\t\t\t\t\t\t\t\t<\/div>\n\t\t\t\t\t\t\t\t\t\t\t\t<\/div>\n\t\t\t\t<\/a><\/li>\t\t\t\t\t\t\t\t\t\t\t\t<li><a class=\"elementor-price-list-item\" href=\"#\">\t\t\t\t\n\t\t\t\t<div class=\"elementor-price-list-text\">\n\t\t\t\t\t\t\t\t\t<div class=\"elementor-price-list-header\">\n\t\t\t\t\t\t\t\t\t\t\t<span class=\"elementor-price-list-title\">\n\t\t\t\t\t\t\t9x\t\t\t\t\t\t<\/span>\n\t\t\t\t\t\t\t\t\t\t\t\t\t\t\t\t\t\t<span class=\"elementor-price-list-separator\"><\/span>\n\t\t\t\t\t\t\t\t\t\t\t\t\t\t\t\t\t\t\t<span class=\"elementor-price-list-price\">12,59%<\/span>\n\t\t\t\t\t\t\t\t\t\t<\/div>\n\t\t\t\t\t\t\t\t\t\t\t\t<\/div>\n\t\t\t\t<\/a><\/li>\t\t\t\t\t\t\t\t\t\t\t\t<li><a class=\"elementor-price-list-item\" href=\"#\">\t\t\t\t\n\t\t\t\t<div class=\"elementor-price-list-text\">\n\t\t\t\t\t\t\t\t\t<div class=\"elementor-price-list-header\">\n\t\t\t\t\t\t\t\t\t\t\t<span class=\"elementor-price-list-title\">\n\t\t\t\t\t\t\t10x\t\t\t\t\t\t<\/span>\n\t\t\t\t\t\t\t\t\t\t\t\t\t\t\t\t\t\t<span class=\"elementor-price-list-separator\"><\/span>\n\t\t\t\t\t\t\t\t\t\t\t\t\t\t\t\t\t\t\t<span class=\"elementor-price-list-price\">13,21%<\/span>\n\t\t\t\t\t\t\t\t\t\t<\/div>\n\t\t\t\t\t\t\t\t\t\t\t\t<\/div>\n\t\t\t\t<\/a><\/li>\t\t\t\t\t\t\t\t\t\t\t\t<li><a class=\"elementor-price-list-item\" href=\"#\">\t\t\t\t\n\t\t\t\t<div class=\"elementor-price-list-text\">\n\t\t\t\t\t\t\t\t\t<div class=\"elementor-price-list-header\">\n\t\t\t\t\t\t\t\t\t\t\t<span class=\"elementor-price-list-title\">\n\t\t\t\t\t\t\t11x\t\t\t\t\t\t<\/span>\n\t\t\t\t\t\t\t\t\t\t\t\t\t\t\t\t\t\t<span class=\"elementor-price-list-separator\"><\/span>\n\t\t\t\t\t\t\t\t\t\t\t\t\t\t\t\t\t\t\t<span class=\"elementor-price-list-price\">14,07%<\/span>\n\t\t\t\t\t\t\t\t\t\t<\/div>\n\t\t\t\t\t\t\t\t\t\t\t\t<\/div>\n\t\t\t\t<\/a><\/li>\t\t\t\t\t\t\t\t\t\t\t\t<li><a class=\"elementor-price-list-item\" href=\"#\">\t\t\t\t\n\t\t\t\t<div class=\"elementor-price-list-text\">\n\t\t\t\t\t\t\t\t\t<div class=\"elementor-price-list-header\">\n\t\t\t\t\t\t\t\t\t\t\t<span class=\"elementor-price-list-title\">\n\t\t\t\t\t\t\t12x\t\t\t\t\t\t<\/span>\n\t\t\t\t\t\t\t\t\t\t\t\t\t\t\t\t\t\t<span class=\"elementor-price-list-separator\"><\/span>\n\t\t\t\t\t\t\t\t\t\t\t\t\t\t\t\t\t\t\t<span class=\"elementor-price-list-price\">14,94%<\/span>\n\t\t\t\t\t\t\t\t\t\t<\/div>\n\t\t\t\t\t\t\t\t\t\t\t\t<\/div>\n\t\t\t\t<\/a><\/li>\t\t\t\t\t\n\t\t<\/ul>\n\n\t\t\t\t\t\t<\/div>\n\t\t\t\t<div class=\"elementor-element elementor-element-952c76a elementor-icon-list--layout-traditional elementor-list-item-link-full_width elementor-widget elementor-widget-icon-list\" data-id=\"952c76a\" data-element_type=\"widget\" data-widget_type=\"icon-list.default\">\n\t\t\t\t\t\t\t<ul class=\"elementor-icon-list-items\">\n\t\t\t\t\t\t\t<li class=\"elementor-icon-list-item\">\n\t\t\t\t\t\t\t\t\t\t\t<span class=\"elementor-icon-list-icon\">\n\t\t\t\t\t\t\t<svg aria-hidden=\"true\" class=\"e-font-icon-svg e-fas-barcode\" viewbox=\"0 0 512 512\" xmlns=\"http:\/\/www.w3.org\/2000\/svg\"><path d=\"M0 448V64h18v384H0zm26.857-.273V64H36v383.727h-9.143zm27.143 0V64h8.857v383.727H54zm44.857 0V64h8.857v383.727h-8.857zm36 0V64h17.714v383.727h-17.714zm44.857 0V64h8.857v383.727h-8.857zm18 0V64h8.857v383.727h-8.857zm18 0V64h8.857v383.727h-8.857zm35.715 0V64h18v383.727h-18zm44.857 0V64h18v383.727h-18zm35.999 0V64h18.001v383.727h-18.001zm36.001 0V64h18.001v383.727h-18.001zm26.857 0V64h18v383.727h-18zm45.143 0V64h26.857v383.727h-26.857zm35.714 0V64h9.143v383.727H476zm18 .273V64h18v384h-18z\"><\/path><\/svg>\t\t\t\t\t\t<\/span>\n\t\t\t\t\t\t\t\t\t\t<span class=\"elementor-icon-list-text\">Boleto (mercado pago)<\/span>\n\t\t\t\t\t\t\t\t\t<\/li>\n\t\t\t\t\t\t<\/ul>\n\t\t\t\t\t\t<\/div>\n\t\t\t\t<div class=\"elementor-element elementor-element-3ed2fc4 elementor-widget elementor-widget-text-editor\" data-id=\"3ed2fc4\" data-element_type=\"widget\" data-widget_type=\"text-editor.default\">\n\t\t\t\t\t\t\t\t\t<p>Acr\u00e9scimo de R$4,00\u00a0<\/p>\t\t\t\t\t\t\t\t<\/div>\n\t\t\t\t<div class=\"elementor-element elementor-element-b01bc8c elementor-widget elementor-widget-image\" data-id=\"b01bc8c\" data-element_type=\"widget\" data-widget_type=\"image.default\">\n\t\t\t\t\t\t\t\t\t\t\t\t\t\t\t<img fetchpriority=\"high\" decoding=\"async\" width=\"1024\" height=\"111\" src=\"https:\/\/renatascaff.com.br\/wp-content\/uploads\/2025\/06\/site-de-advogada-pagapix-1024x111.jpg\" class=\"attachment-large size-large wp-image-5907\" alt=\"\" srcset=\"https:\/\/renatascaff.com.br\/wp-content\/uploads\/2025\/06\/site-de-advogada-pagapix-1024x111.jpg 1024w, https:\/\/renatascaff.com.br\/wp-content\/uploads\/2025\/06\/site-de-advogada-pagapix-300x33.jpg 300w, https:\/\/renatascaff.com.br\/wp-content\/uploads\/2025\/06\/site-de-advogada-pagapix-768x83.jpg 768w, https:\/\/renatascaff.com.br\/wp-content\/uploads\/2025\/06\/site-de-advogada-pagapix-18x2.jpg 18w, https:\/\/renatascaff.com.br\/wp-content\/uploads\/2025\/06\/site-de-advogada-pagapix.jpg 1169w\" sizes=\"(max-width: 1024px) 100vw, 1024px\" \/>\t\t\t\t\t\t\t\t\t\t\t\t\t\t\t<\/div>\n\t\t\t\t\t<\/div>\n\t\t\t\t<\/div>\n\t\t\t\t<\/div>","protected":false},"excerpt":{"rendered":"<p>Pagamento via Pix Entrada de 60% do valor via pix e o restante na entrega do projeto pronto Pagamento via Mercado Pago Com acr\u00e9scimo de taxa + juros Cart\u00e3o de Cr\u00e9dito (mercado pago) + 4,98% (taxa) Parcelamento em at\u00e9 12x com juros 1x 4,25% 2x 7,17% 3x 7,91% 4x 8,71% 5x 9,47% 6x 10,21% 7x 10,87% 8x 11,73% 9x 12,59% 10x 13,21% 11x 14,07% 12x 14,94% Boleto (mercado pago) Acr\u00e9scimo de R$4,00\u00a0<\/p>","protected":false},"author":6,"featured_media":0,"parent":0,"menu_order":0,"comment_status":"closed","ping_status":"closed","template":"","meta":{"_joinchat":[],"footnotes":""},"class_list":["post-1110","page","type-page","status-publish","hentry","entry","owp-thumbs-layout-horizontal","owp-btn-normal","owp-tabs-layout-horizontal","has-no-thumbnails","has-product-nav"],"yoast_head":"<!-- This site is optimized with the Yoast SEO plugin v27.2 - https:\/\/yoast.com\/product\/yoast-seo-wordpress\/ -->\n<title>Formas de Pagamento - RS WebDesign<\/title>\n<meta name=\"robots\" content=\"index, follow, max-snippet:-1, max-image-preview:large, max-video-preview:-1\" \/>\n<link rel=\"canonical\" href=\"https:\/\/renatascaff.com.br\/en\/formas-de-pagamento\/\" \/>\n<meta property=\"og:locale\" content=\"en_US\" \/>\n<meta property=\"og:type\" content=\"article\" \/>\n<meta property=\"og:title\" content=\"Formas de Pagamento - RS WebDesign\" \/>\n<meta property=\"og:description\" content=\"Pagamento via Pix Entrada de 60% do valor via pix e o restante na entrega do projeto pronto Pagamento via Mercado Pago Com acr\u00e9scimo de taxa + juros Cart\u00e3o de Cr\u00e9dito (mercado pago) + 4,98% (taxa) Parcelamento em at\u00e9 12x com juros 1x 4,25% 2x 7,17% 3x 7,91% 4x 8,71% 5x 9,47% 6x 10,21% 7x 10,87% 8x 11,73% 9x 12,59% 10x 13,21% 11x 14,07% 12x 14,94% Boleto (mercado pago) Acr\u00e9scimo de R$4,00\u00a0\" \/>\n<meta property=\"og:url\" content=\"https:\/\/renatascaff.com.br\/en\/formas-de-pagamento\/\" \/>\n<meta property=\"og:site_name\" content=\"RS WebDesign\" \/>\n<meta property=\"article:modified_time\" content=\"2025-06-07T16:04:15+00:00\" \/>\n<meta property=\"og:image\" content=\"https:\/\/renatascaff.com.br\/wp-content\/uploads\/2025\/06\/site-de-advogada-pix.jpg\" \/>\n<meta name=\"twitter:card\" content=\"summary_large_image\" \/>\n<meta name=\"twitter:label1\" content=\"Est. reading time\" \/>\n\t<meta name=\"twitter:data1\" content=\"1 minute\" \/>\n<!-- \/ Yoast SEO plugin. -->","yoast_head_json":{"title":"Formas de Pagamento - RS WebDesign","robots":{"index":"index","follow":"follow","max-snippet":"max-snippet:-1","max-image-preview":"max-image-preview:large","max-video-preview":"max-video-preview:-1"},"canonical":"https:\/\/renatascaff.com.br\/en\/formas-de-pagamento\/","og_locale":"en_US","og_type":"article","og_title":"Formas de Pagamento - RS WebDesign","og_description":"Pagamento via Pix Entrada de 60% do valor via pix e o restante na entrega do projeto pronto Pagamento via Mercado Pago Com acr\u00e9scimo de taxa + juros Cart\u00e3o de Cr\u00e9dito (mercado pago) + 4,98% (taxa) Parcelamento em at\u00e9 12x com juros 1x 4,25% 2x 7,17% 3x 7,91% 4x 8,71% 5x 9,47% 6x 10,21% 7x 10,87% 8x 11,73% 9x 12,59% 10x 13,21% 11x 14,07% 12x 14,94% Boleto (mercado pago) Acr\u00e9scimo de R$4,00\u00a0","og_url":"https:\/\/renatascaff.com.br\/en\/formas-de-pagamento\/","og_site_name":"RS WebDesign","article_modified_time":"2025-06-07T16:04:15+00:00","og_image":[{"url":"https:\/\/renatascaff.com.br\/wp-content\/uploads\/2025\/06\/site-de-advogada-pix.jpg","type":"","width":"","height":""}],"twitter_card":"summary_large_image","twitter_misc":{"Est. reading time":"1 minute"},"schema":{"@context":"https:\/\/schema.org","@graph":[{"@type":"WebPage","@id":"https:\/\/renatascaff.com.br\/formas-de-pagamento\/","url":"https:\/\/renatascaff.com.br\/formas-de-pagamento\/","name":"Formas de Pagamento - RS WebDesign","isPartOf":{"@id":"https:\/\/renatascaff.com.br\/#website"},"primaryImageOfPage":{"@id":"https:\/\/renatascaff.com.br\/formas-de-pagamento\/#primaryimage"},"image":{"@id":"https:\/\/renatascaff.com.br\/formas-de-pagamento\/#primaryimage"},"thumbnailUrl":"https:\/\/renatascaff.com.br\/wp-content\/uploads\/2025\/06\/site-de-advogada-pix.jpg","datePublished":"2024-04-03T14:34:47+00:00","dateModified":"2025-06-07T16:04:15+00:00","breadcrumb":{"@id":"https:\/\/renatascaff.com.br\/formas-de-pagamento\/#breadcrumb"},"inLanguage":"en-US","potentialAction":[{"@type":"ReadAction","target":["https:\/\/renatascaff.com.br\/formas-de-pagamento\/"]}]},{"@type":"ImageObject","inLanguage":"en-US","@id":"https:\/\/renatascaff.com.br\/formas-de-pagamento\/#primaryimage","url":"https:\/\/renatascaff.com.br\/wp-content\/uploads\/2025\/06\/site-de-advogada-pix.jpg","contentUrl":"https:\/\/renatascaff.com.br\/wp-content\/uploads\/2025\/06\/site-de-advogada-pix.jpg"},{"@type":"BreadcrumbList","@id":"https:\/\/renatascaff.com.br\/formas-de-pagamento\/#breadcrumb","itemListElement":[{"@type":"ListItem","position":1,"name":"Home","item":"https:\/\/renatascaff.com.br\/"},{"@type":"ListItem","position":2,"name":"Formas de Pagamento"}]},{"@type":"WebSite","@id":"https:\/\/renatascaff.com.br\/#website","url":"https:\/\/renatascaff.com.br\/","name":"Renata Scaff","description":"Site de Advogada, Site de Arquiteta, Site de Cl\u00ednica, Site de M\u00e9dica","publisher":{"@id":"https:\/\/renatascaff.com.br\/#organization"},"potentialAction":[{"@type":"SearchAction","target":{"@type":"EntryPoint","urlTemplate":"https:\/\/renatascaff.com.br\/?s={search_term_string}"},"query-input":{"@type":"PropertyValueSpecification","valueRequired":true,"valueName":"search_term_string"}}],"inLanguage":"en-US"},{"@type":"Organization","@id":"https:\/\/renatascaff.com.br\/#organization","name":"Renata Scaff","url":"https:\/\/renatascaff.com.br\/","logo":{"@type":"ImageObject","inLanguage":"en-US","@id":"https:\/\/renatascaff.com.br\/#\/schema\/logo\/image\/","url":"https:\/\/renatascaff.com.br\/wp-content\/uploads\/2024\/07\/logo-assinatura-pequeno.png","contentUrl":"https:\/\/renatascaff.com.br\/wp-content\/uploads\/2024\/07\/logo-assinatura-pequeno.png","width":148,"height":125,"caption":"Renata Scaff"},"image":{"@id":"https:\/\/renatascaff.com.br\/#\/schema\/logo\/image\/"}}]}},"_links":{"self":[{"href":"https:\/\/renatascaff.com.br\/en\/wp-json\/wp\/v2\/pages\/1110","targetHints":{"allow":["GET"]}}],"collection":[{"href":"https:\/\/renatascaff.com.br\/en\/wp-json\/wp\/v2\/pages"}],"about":[{"href":"https:\/\/renatascaff.com.br\/en\/wp-json\/wp\/v2\/types\/page"}],"author":[{"embeddable":true,"href":"https:\/\/renatascaff.com.br\/en\/wp-json\/wp\/v2\/users\/6"}],"replies":[{"embeddable":true,"href":"https:\/\/renatascaff.com.br\/en\/wp-json\/wp\/v2\/comments?post=1110"}],"version-history":[{"count":39,"href":"https:\/\/renatascaff.com.br\/en\/wp-json\/wp\/v2\/pages\/1110\/revisions"}],"predecessor-version":[{"id":5916,"href":"https:\/\/renatascaff.com.br\/en\/wp-json\/wp\/v2\/pages\/1110\/revisions\/5916"}],"wp:attachment":[{"href":"https:\/\/renatascaff.com.br\/en\/wp-json\/wp\/v2\/media?parent=1110"}],"curies":[{"name":"wp","href":"https:\/\/api.w.org\/{rel}","templated":true}]}}