{"id":1102,"date":"2024-04-03T14:25:21","date_gmt":"2024-04-03T14:25:21","guid":{"rendered":"https:\/\/renatascaff.com.br\/?page_id=1102"},"modified":"2024-06-01T17:10:05","modified_gmt":"2024-06-01T17:10:05","slug":"termos-e-condicoes","status":"publish","type":"page","link":"https:\/\/renatascaff.com.br\/en\/termos-e-condicoes\/","title":{"rendered":"Terms and Conditions"},"content":{"rendered":"<h2><span style=\"color: #444444;\">1. Terms<\/span><\/h2>\n<p><span style=\"color: #444444;\">When accessing the website <a href=\"https:\/\/renatascaff.com.br\/en\/\">Renata Scaff \u2022 Webdesign<\/a>, you agree to comply with these terms of service, all applicable laws and regulations, and agree that you are responsible for compliance with any applicable local laws. If you do not agree with any of these terms, you are prohibited from using or accessing this site. The materials contained in this website are protected by applicable copyright and trademark law.<\/span><\/p>\n<h2><span style=\"color: #444444;\">2. Use License<\/span><\/h2>\n<p><span style=\"color: #444444;\">Permission is granted to temporarily download one copy of the materials (information or software) on Renata Scaff \u2022 Webdesign&#039;s website for personal, non-commercial transitory viewing only. This is the grant of a license, not a transfer of title, and under this license you may not:\u00a0<\/span><\/p>\n<ol>\n<li><span style=\"color: #444444;\">modify or copy the materials;\u00a0<\/span><\/li>\n<li><span style=\"color: #444444;\">use the materials for any commercial purpose, or for any public display (commercial or non-commercial);\u00a0<\/span><\/li>\n<li><span style=\"color: #444444;\">attempt to decompile or reverse engineer any software contained on the Renata Scaff \u2022 Webdesign website;\u00a0<\/span><\/li>\n<li><span style=\"color: #444444;\">remove any copyright or other proprietary notations from the materials; or\u00a0<\/span><\/li>\n<li><span style=\"color: #444444;\">transfer the materials to another person or &#039;mirror&#039; the materials on any other server.<\/span><\/li>\n<\/ol>\n<p><span style=\"color: #444444;\">This license shall automatically terminate if you violate any of these restrictions and may be terminated by Renata Scaff \u2022 Webdesign at any time. Upon terminating your viewing of these materials or upon the termination of this license, you must destroy any downloaded materials in your possession whether in electronic or printed format.<\/span><\/p>\n<h2><span style=\"color: #444444;\">3. Disclaimer<\/span><\/h2>\n<ol>\n<li><span style=\"color: #444444;\">The materials on Renata Scaff \u2022 Webdesign&#039;s website are provided &#039;as is&#039;. Renata Scaff \u2022 Webdesign makes no warranties, expressed or implied, and hereby disclaims and negates all other warranties, including without limitation, implied warranties or conditions of merchantability, fitness for a particular purpose, or non-infringement of intellectual property or other violation of rights.<\/span><\/li>\n<li><span style=\"color: #444444;\">Furthermore, Renata Scaff \u2022 Webdesign does not warrant or make any representations concerning the accuracy, likely results, or reliability of the use of the materials on its website or otherwise relating to such materials or on any sites linked to this site.<\/span><\/li>\n<\/ol>\n<h2><span style=\"color: #444444;\">4. Limitations<\/span><\/h2>\n<p><span style=\"color: #444444;\">In no event shall Renata Scaff \u2022 Webdesign or its suppliers be liable for any damages (including, without limitation, damages for loss of data or profit, or due to business interruption) arising out of the use or inability to use the materials on Renata Scaff \u2022 Webdesign&#039;s Internet site, even if Renata Scaff \u2022 Webdesign or a Renata Scaff \u2022 Webdesign authorized representative has been notified orally or in writing of the possibility of such damage. Because some jurisdictions do not allow limitations on implied warranties, or limitations of liability for consequential or incidental damages, these limitations may not apply to you.<\/span><\/p>\n<h2><span style=\"color: #444444;\">5. Accuracy of materials<\/span><\/h2>\n<p><span style=\"color: #444444;\">The materials displayed on the Renata Scaff \u2022 Webdesign website may include technical, typographical, or photographic errors. Renata Scaff \u2022 Webdesign does not warrant that any material on its website is accurate, complete, or current. Renata Scaff \u2022 Webdesign may make changes to the materials contained on its website at any time without notice. However, Renata Scaff \u2022 Webdesign does not undertake to update the materials.<\/span><\/p>\n<h2><span style=\"color: #444444;\">6. Links<\/span><\/h2>\n<p><span style=\"color: #444444;\">Renata Scaff \u2022 Webdesign has not reviewed all of the sites linked to its website and is not responsible for the contents of any such linked site. The inclusion of any link does not imply endorsement by Renata Scaff \u2022 Webdesign of the site. Use of any such linked website is at the user&#039;s own risk.<\/span><\/p>\n<p>&nbsp;<\/p>\n<h3><span style=\"color: #444444;\">Modifications<\/span><\/h3>\n<p><span style=\"color: #444444;\">Renata Scaff \u2022 Webdesign may revise these terms of service for its website at any time without notice. By using this website, you are agreeing to be bound by the then current version of these terms of service.<\/span><\/p>\n<h3><span style=\"color: #444444;\">Applicable law<\/span><\/h3>\n<p><span style=\"color: #444444;\">These terms and conditions are governed by and construed in accordance with the laws of Renata Scaff \u2022 Webdesign and you irrevocably submit to the exclusive jurisdiction of the courts in that State or location.<\/span><\/p>","protected":false},"excerpt":{"rendered":"<p>1. Termos Ao acessar ao site Renata Scaff \u2022 Webdesign, concorda em cumprir estes termos de servi\u00e7o, todas as leis e regulamentos aplic\u00e1veis \u200b\u200be concorda que \u00e9 respons\u00e1vel pelo cumprimento de todas as leis locais aplic\u00e1veis. Se voc\u00ea n\u00e3o concordar com algum desses termos, est\u00e1 proibido de usar ou acessar este site. Os materiais contidos neste site s\u00e3o protegidos pelas leis de direitos autorais e marcas comerciais aplic\u00e1veis. 2. Uso de Licen\u00e7a \u00c9 concedida permiss\u00e3o para baixar temporariamente uma c\u00f3pia dos materiais (informa\u00e7\u00f5es ou software) no site Renata Scaff \u2022 Webdesign , apenas para visualiza\u00e7\u00e3o transit\u00f3ria pessoal e n\u00e3o comercial. Esta \u00e9 a concess\u00e3o de uma licen\u00e7a, n\u00e3o uma transfer\u00eancia de t\u00edtulo e, sob esta licen\u00e7a, voc\u00ea n\u00e3o pode:\u00a0 modificar ou copiar os materiais;\u00a0 usar os materiais para qualquer finalidade comercial ou para exibi\u00e7\u00e3o p\u00fablica (comercial ou n\u00e3o comercial);\u00a0 tentar descompilar ou fazer engenharia reversa de qualquer software contido no site Renata Scaff \u2022 Webdesign;\u00a0 remover quaisquer direitos autorais ou outras nota\u00e7\u00f5es de propriedade dos materiais; ou\u00a0 transferir os materiais para outra pessoa ou &#8216;espelhe&#8217; os materiais em qualquer outro servidor. Esta licen\u00e7a ser\u00e1 automaticamente rescindida se voc\u00ea violar alguma dessas restri\u00e7\u00f5es e poder\u00e1 ser rescindida por Renata Scaff \u2022 Webdesign a qualquer momento. Ao encerrar a visualiza\u00e7\u00e3o desses materiais ou ap\u00f3s o t\u00e9rmino desta licen\u00e7a, voc\u00ea deve apagar todos os materiais baixados em sua posse, seja em formato eletr\u00f3nico ou impresso. 3. Isen\u00e7\u00e3o de responsabilidade Os materiais no site da Renata Scaff \u2022 Webdesign s\u00e3o fornecidos &#8216;como est\u00e3o&#8217;. Renata Scaff \u2022 Webdesign n\u00e3o oferece garantias, expressas ou impl\u00edcitas, e, por este meio, isenta e nega todas as outras garantias, incluindo, sem limita\u00e7\u00e3o, garantias impl\u00edcitas ou condi\u00e7\u00f5es de comercializa\u00e7\u00e3o, adequa\u00e7\u00e3o a um fim espec\u00edfico ou n\u00e3o viola\u00e7\u00e3o de propriedade intelectual ou outra viola\u00e7\u00e3o de direitos. Al\u00e9m disso, o Renata Scaff \u2022 Webdesign n\u00e3o garante ou faz qualquer representa\u00e7\u00e3o relativa \u00e0 precis\u00e3o, aos resultados prov\u00e1veis \u200b\u200bou \u00e0 confiabilidade do uso dos materiais em seu site ou de outra forma relacionado a esses materiais ou em sites vinculados a este site. 4. Limita\u00e7\u00f5es Em nenhum caso o Renata Scaff \u2022 Webdesign ou seus fornecedores ser\u00e3o respons\u00e1veis \u200b\u200bpor quaisquer danos (incluindo, sem limita\u00e7\u00e3o, danos por perda de dados ou lucro ou devido a interrup\u00e7\u00e3o dos neg\u00f3cios) decorrentes do uso ou da incapacidade de usar os materiais em Renata Scaff \u2022 Webdesign, mesmo que Renata Scaff \u2022 Webdesign ou um representante autorizado da Renata Scaff \u2022 Webdesign tenha sido notificado oralmente ou por escrito da possibilidade de tais danos. Como algumas jurisdi\u00e7\u00f5es n\u00e3o permitem limita\u00e7\u00f5es em garantias impl\u00edcitas, ou limita\u00e7\u00f5es de responsabilidade por danos conseq\u00fcentes ou incidentais, essas limita\u00e7\u00f5es podem n\u00e3o se aplicar a voc\u00ea. 5. Precis\u00e3o dos materiais Os materiais exibidos no site da Renata Scaff \u2022 Webdesign podem incluir erros t\u00e9cnicos, tipogr\u00e1ficos ou fotogr\u00e1ficos. Renata Scaff \u2022 Webdesign n\u00e3o garante que qualquer material em seu site seja preciso, completo ou atual. Renata Scaff \u2022 Webdesign pode fazer altera\u00e7\u00f5es nos materiais contidos em seu site a qualquer momento, sem aviso pr\u00e9vio. No entanto, Renata Scaff \u2022 Webdesign n\u00e3o se compromete a atualizar os materiais. 6. Links O Renata Scaff \u2022 Webdesign n\u00e3o analisou todos os sites vinculados ao seu site e n\u00e3o \u00e9 respons\u00e1vel pelo conte\u00fado de nenhum site vinculado. A inclus\u00e3o de qualquer link n\u00e3o implica endosso por Renata Scaff \u2022 Webdesign do site. O uso de qualquer site vinculado \u00e9 por conta e risco do usu\u00e1rio. &nbsp; Modifica\u00e7\u00f5es O Renata Scaff \u2022 Webdesign pode revisar estes termos de servi\u00e7o do site a qualquer momento, sem aviso pr\u00e9vio. Ao usar este site, voc\u00ea concorda em ficar vinculado \u00e0 vers\u00e3o atual desses termos de servi\u00e7o. Lei aplic\u00e1vel Estes termos e condi\u00e7\u00f5es s\u00e3o regidos e interpretados de acordo com as leis do Renata Scaff \u2022 Webdesign e voc\u00ea se submete irrevogavelmente \u00e0 jurisdi\u00e7\u00e3o exclusiva dos tribunais naquele estado ou localidade.<\/p>","protected":false},"author":6,"featured_media":0,"parent":0,"menu_order":0,"comment_status":"closed","ping_status":"closed","template":"","meta":{"_joinchat":[],"footnotes":""},"class_list":["post-1102","page","type-page","status-publish","hentry","entry","owp-thumbs-layout-horizontal","owp-btn-normal","owp-tabs-layout-horizontal","has-no-thumbnails","has-product-nav"],"yoast_head":"<!-- This site is optimized with the Yoast SEO plugin v27.2 - https:\/\/yoast.com\/product\/yoast-seo-wordpress\/ -->\n<title>Termos e Condi\u00e7\u00f5es - RS WebDesign<\/title>\n<meta name=\"robots\" content=\"index, follow, max-snippet:-1, max-image-preview:large, max-video-preview:-1\" \/>\n<link rel=\"canonical\" href=\"https:\/\/renatascaff.com.br\/en\/termos-e-condicoes\/\" \/>\n<meta property=\"og:locale\" content=\"en_US\" \/>\n<meta property=\"og:type\" content=\"article\" \/>\n<meta property=\"og:title\" content=\"Termos e Condi\u00e7\u00f5es - RS WebDesign\" \/>\n<meta property=\"og:description\" content=\"1. Termos Ao acessar ao site Renata Scaff \u2022 Webdesign, concorda em cumprir estes termos de servi\u00e7o, todas as leis e regulamentos aplic\u00e1veis \u200b\u200be concorda que \u00e9 respons\u00e1vel pelo cumprimento de todas as leis locais aplic\u00e1veis. Se voc\u00ea n\u00e3o concordar com algum desses termos, est\u00e1 proibido de usar ou acessar este site. Os materiais contidos neste site s\u00e3o protegidos pelas leis de direitos autorais e marcas comerciais aplic\u00e1veis. 2. Uso de Licen\u00e7a \u00c9 concedida permiss\u00e3o para baixar temporariamente uma c\u00f3pia dos materiais (informa\u00e7\u00f5es ou software) no site Renata Scaff \u2022 Webdesign , apenas para visualiza\u00e7\u00e3o transit\u00f3ria pessoal e n\u00e3o comercial. Esta \u00e9 a concess\u00e3o de uma licen\u00e7a, n\u00e3o uma transfer\u00eancia de t\u00edtulo e, sob esta licen\u00e7a, voc\u00ea n\u00e3o pode:\u00a0 modificar ou copiar os materiais;\u00a0 usar os materiais para qualquer finalidade comercial ou para exibi\u00e7\u00e3o p\u00fablica (comercial ou n\u00e3o comercial);\u00a0 tentar descompilar ou fazer engenharia reversa de qualquer software contido no site Renata Scaff \u2022 Webdesign;\u00a0 remover quaisquer direitos autorais ou outras nota\u00e7\u00f5es de propriedade dos materiais; ou\u00a0 transferir os materiais para outra pessoa ou &#8216;espelhe&#8217; os materiais em qualquer outro servidor. Esta licen\u00e7a ser\u00e1 automaticamente rescindida se voc\u00ea violar alguma dessas restri\u00e7\u00f5es e poder\u00e1 ser rescindida por Renata Scaff \u2022 Webdesign a qualquer momento. Ao encerrar a visualiza\u00e7\u00e3o desses materiais ou ap\u00f3s o t\u00e9rmino desta licen\u00e7a, voc\u00ea deve apagar todos os materiais baixados em sua posse, seja em formato eletr\u00f3nico ou impresso. 3. Isen\u00e7\u00e3o de responsabilidade Os materiais no site da Renata Scaff \u2022 Webdesign s\u00e3o fornecidos &#8216;como est\u00e3o&#8217;. Renata Scaff \u2022 Webdesign n\u00e3o oferece garantias, expressas ou impl\u00edcitas, e, por este meio, isenta e nega todas as outras garantias, incluindo, sem limita\u00e7\u00e3o, garantias impl\u00edcitas ou condi\u00e7\u00f5es de comercializa\u00e7\u00e3o, adequa\u00e7\u00e3o a um fim espec\u00edfico ou n\u00e3o viola\u00e7\u00e3o de propriedade intelectual ou outra viola\u00e7\u00e3o de direitos. Al\u00e9m disso, o Renata Scaff \u2022 Webdesign n\u00e3o garante ou faz qualquer representa\u00e7\u00e3o relativa \u00e0 precis\u00e3o, aos resultados prov\u00e1veis \u200b\u200bou \u00e0 confiabilidade do uso dos materiais em seu site ou de outra forma relacionado a esses materiais ou em sites vinculados a este site. 4. Limita\u00e7\u00f5es Em nenhum caso o Renata Scaff \u2022 Webdesign ou seus fornecedores ser\u00e3o respons\u00e1veis \u200b\u200bpor quaisquer danos (incluindo, sem limita\u00e7\u00e3o, danos por perda de dados ou lucro ou devido a interrup\u00e7\u00e3o dos neg\u00f3cios) decorrentes do uso ou da incapacidade de usar os materiais em Renata Scaff \u2022 Webdesign, mesmo que Renata Scaff \u2022 Webdesign ou um representante autorizado da Renata Scaff \u2022 Webdesign tenha sido notificado oralmente ou por escrito da possibilidade de tais danos. Como algumas jurisdi\u00e7\u00f5es n\u00e3o permitem limita\u00e7\u00f5es em garantias impl\u00edcitas, ou limita\u00e7\u00f5es de responsabilidade por danos conseq\u00fcentes ou incidentais, essas limita\u00e7\u00f5es podem n\u00e3o se aplicar a voc\u00ea. 5. Precis\u00e3o dos materiais Os materiais exibidos no site da Renata Scaff \u2022 Webdesign podem incluir erros t\u00e9cnicos, tipogr\u00e1ficos ou fotogr\u00e1ficos. Renata Scaff \u2022 Webdesign n\u00e3o garante que qualquer material em seu site seja preciso, completo ou atual. Renata Scaff \u2022 Webdesign pode fazer altera\u00e7\u00f5es nos materiais contidos em seu site a qualquer momento, sem aviso pr\u00e9vio. No entanto, Renata Scaff \u2022 Webdesign n\u00e3o se compromete a atualizar os materiais. 6. Links O Renata Scaff \u2022 Webdesign n\u00e3o analisou todos os sites vinculados ao seu site e n\u00e3o \u00e9 respons\u00e1vel pelo conte\u00fado de nenhum site vinculado. A inclus\u00e3o de qualquer link n\u00e3o implica endosso por Renata Scaff \u2022 Webdesign do site. O uso de qualquer site vinculado \u00e9 por conta e risco do usu\u00e1rio. &nbsp; Modifica\u00e7\u00f5es O Renata Scaff \u2022 Webdesign pode revisar estes termos de servi\u00e7o do site a qualquer momento, sem aviso pr\u00e9vio. Ao usar este site, voc\u00ea concorda em ficar vinculado \u00e0 vers\u00e3o atual desses termos de servi\u00e7o. Lei aplic\u00e1vel Estes termos e condi\u00e7\u00f5es s\u00e3o regidos e interpretados de acordo com as leis do Renata Scaff \u2022 Webdesign e voc\u00ea se submete irrevogavelmente \u00e0 jurisdi\u00e7\u00e3o exclusiva dos tribunais naquele estado ou localidade.\" \/>\n<meta property=\"og:url\" content=\"https:\/\/renatascaff.com.br\/en\/termos-e-condicoes\/\" \/>\n<meta property=\"og:site_name\" content=\"RS WebDesign\" \/>\n<meta property=\"article:modified_time\" content=\"2024-06-01T17:10:05+00:00\" \/>\n<meta name=\"twitter:card\" content=\"summary_large_image\" \/>\n<meta name=\"twitter:label1\" content=\"Est. reading time\" \/>\n\t<meta name=\"twitter:data1\" content=\"4 minutes\" \/>\n<!-- \/ Yoast SEO plugin. -->","yoast_head_json":{"title":"Termos e Condi\u00e7\u00f5es - RS WebDesign","robots":{"index":"index","follow":"follow","max-snippet":"max-snippet:-1","max-image-preview":"max-image-preview:large","max-video-preview":"max-video-preview:-1"},"canonical":"https:\/\/renatascaff.com.br\/en\/termos-e-condicoes\/","og_locale":"en_US","og_type":"article","og_title":"Termos e Condi\u00e7\u00f5es - RS WebDesign","og_description":"1. Termos Ao acessar ao site Renata Scaff \u2022 Webdesign, concorda em cumprir estes termos de servi\u00e7o, todas as leis e regulamentos aplic\u00e1veis \u200b\u200be concorda que \u00e9 respons\u00e1vel pelo cumprimento de todas as leis locais aplic\u00e1veis. Se voc\u00ea n\u00e3o concordar com algum desses termos, est\u00e1 proibido de usar ou acessar este site. Os materiais contidos neste site s\u00e3o protegidos pelas leis de direitos autorais e marcas comerciais aplic\u00e1veis. 2. Uso de Licen\u00e7a \u00c9 concedida permiss\u00e3o para baixar temporariamente uma c\u00f3pia dos materiais (informa\u00e7\u00f5es ou software) no site Renata Scaff \u2022 Webdesign , apenas para visualiza\u00e7\u00e3o transit\u00f3ria pessoal e n\u00e3o comercial. Esta \u00e9 a concess\u00e3o de uma licen\u00e7a, n\u00e3o uma transfer\u00eancia de t\u00edtulo e, sob esta licen\u00e7a, voc\u00ea n\u00e3o pode:\u00a0 modificar ou copiar os materiais;\u00a0 usar os materiais para qualquer finalidade comercial ou para exibi\u00e7\u00e3o p\u00fablica (comercial ou n\u00e3o comercial);\u00a0 tentar descompilar ou fazer engenharia reversa de qualquer software contido no site Renata Scaff \u2022 Webdesign;\u00a0 remover quaisquer direitos autorais ou outras nota\u00e7\u00f5es de propriedade dos materiais; ou\u00a0 transferir os materiais para outra pessoa ou &#8216;espelhe&#8217; os materiais em qualquer outro servidor. Esta licen\u00e7a ser\u00e1 automaticamente rescindida se voc\u00ea violar alguma dessas restri\u00e7\u00f5es e poder\u00e1 ser rescindida por Renata Scaff \u2022 Webdesign a qualquer momento. Ao encerrar a visualiza\u00e7\u00e3o desses materiais ou ap\u00f3s o t\u00e9rmino desta licen\u00e7a, voc\u00ea deve apagar todos os materiais baixados em sua posse, seja em formato eletr\u00f3nico ou impresso. 3. Isen\u00e7\u00e3o de responsabilidade Os materiais no site da Renata Scaff \u2022 Webdesign s\u00e3o fornecidos &#8216;como est\u00e3o&#8217;. Renata Scaff \u2022 Webdesign n\u00e3o oferece garantias, expressas ou impl\u00edcitas, e, por este meio, isenta e nega todas as outras garantias, incluindo, sem limita\u00e7\u00e3o, garantias impl\u00edcitas ou condi\u00e7\u00f5es de comercializa\u00e7\u00e3o, adequa\u00e7\u00e3o a um fim espec\u00edfico ou n\u00e3o viola\u00e7\u00e3o de propriedade intelectual ou outra viola\u00e7\u00e3o de direitos. Al\u00e9m disso, o Renata Scaff \u2022 Webdesign n\u00e3o garante ou faz qualquer representa\u00e7\u00e3o relativa \u00e0 precis\u00e3o, aos resultados prov\u00e1veis \u200b\u200bou \u00e0 confiabilidade do uso dos materiais em seu site ou de outra forma relacionado a esses materiais ou em sites vinculados a este site. 4. Limita\u00e7\u00f5es Em nenhum caso o Renata Scaff \u2022 Webdesign ou seus fornecedores ser\u00e3o respons\u00e1veis \u200b\u200bpor quaisquer danos (incluindo, sem limita\u00e7\u00e3o, danos por perda de dados ou lucro ou devido a interrup\u00e7\u00e3o dos neg\u00f3cios) decorrentes do uso ou da incapacidade de usar os materiais em Renata Scaff \u2022 Webdesign, mesmo que Renata Scaff \u2022 Webdesign ou um representante autorizado da Renata Scaff \u2022 Webdesign tenha sido notificado oralmente ou por escrito da possibilidade de tais danos. Como algumas jurisdi\u00e7\u00f5es n\u00e3o permitem limita\u00e7\u00f5es em garantias impl\u00edcitas, ou limita\u00e7\u00f5es de responsabilidade por danos conseq\u00fcentes ou incidentais, essas limita\u00e7\u00f5es podem n\u00e3o se aplicar a voc\u00ea. 5. Precis\u00e3o dos materiais Os materiais exibidos no site da Renata Scaff \u2022 Webdesign podem incluir erros t\u00e9cnicos, tipogr\u00e1ficos ou fotogr\u00e1ficos. Renata Scaff \u2022 Webdesign n\u00e3o garante que qualquer material em seu site seja preciso, completo ou atual. Renata Scaff \u2022 Webdesign pode fazer altera\u00e7\u00f5es nos materiais contidos em seu site a qualquer momento, sem aviso pr\u00e9vio. No entanto, Renata Scaff \u2022 Webdesign n\u00e3o se compromete a atualizar os materiais. 6. Links O Renata Scaff \u2022 Webdesign n\u00e3o analisou todos os sites vinculados ao seu site e n\u00e3o \u00e9 respons\u00e1vel pelo conte\u00fado de nenhum site vinculado. A inclus\u00e3o de qualquer link n\u00e3o implica endosso por Renata Scaff \u2022 Webdesign do site. O uso de qualquer site vinculado \u00e9 por conta e risco do usu\u00e1rio. &nbsp; Modifica\u00e7\u00f5es O Renata Scaff \u2022 Webdesign pode revisar estes termos de servi\u00e7o do site a qualquer momento, sem aviso pr\u00e9vio. Ao usar este site, voc\u00ea concorda em ficar vinculado \u00e0 vers\u00e3o atual desses termos de servi\u00e7o. Lei aplic\u00e1vel Estes termos e condi\u00e7\u00f5es s\u00e3o regidos e interpretados de acordo com as leis do Renata Scaff \u2022 Webdesign e voc\u00ea se submete irrevogavelmente \u00e0 jurisdi\u00e7\u00e3o exclusiva dos tribunais naquele estado ou localidade.","og_url":"https:\/\/renatascaff.com.br\/en\/termos-e-condicoes\/","og_site_name":"RS WebDesign","article_modified_time":"2024-06-01T17:10:05+00:00","twitter_card":"summary_large_image","twitter_misc":{"Est. reading time":"4 minutes"},"schema":{"@context":"https:\/\/schema.org","@graph":[{"@type":"WebPage","@id":"https:\/\/renatascaff.com.br\/termos-e-condicoes\/","url":"https:\/\/renatascaff.com.br\/termos-e-condicoes\/","name":"Termos e Condi\u00e7\u00f5es - RS WebDesign","isPartOf":{"@id":"https:\/\/renatascaff.com.br\/#website"},"datePublished":"2024-04-03T14:25:21+00:00","dateModified":"2024-06-01T17:10:05+00:00","breadcrumb":{"@id":"https:\/\/renatascaff.com.br\/termos-e-condicoes\/#breadcrumb"},"inLanguage":"en-US","potentialAction":[{"@type":"ReadAction","target":["https:\/\/renatascaff.com.br\/termos-e-condicoes\/"]}]},{"@type":"BreadcrumbList","@id":"https:\/\/renatascaff.com.br\/termos-e-condicoes\/#breadcrumb","itemListElement":[{"@type":"ListItem","position":1,"name":"Home","item":"https:\/\/renatascaff.com.br\/"},{"@type":"ListItem","position":2,"name":"Termos e Condi\u00e7\u00f5es"}]},{"@type":"WebSite","@id":"https:\/\/renatascaff.com.br\/#website","url":"https:\/\/renatascaff.com.br\/","name":"Renata Scaff","description":"Site de Advogada, Site de Arquiteta, Site de Cl\u00ednica, Site de M\u00e9dica","publisher":{"@id":"https:\/\/renatascaff.com.br\/#organization"},"potentialAction":[{"@type":"SearchAction","target":{"@type":"EntryPoint","urlTemplate":"https:\/\/renatascaff.com.br\/?s={search_term_string}"},"query-input":{"@type":"PropertyValueSpecification","valueRequired":true,"valueName":"search_term_string"}}],"inLanguage":"en-US"},{"@type":"Organization","@id":"https:\/\/renatascaff.com.br\/#organization","name":"Renata Scaff","url":"https:\/\/renatascaff.com.br\/","logo":{"@type":"ImageObject","inLanguage":"en-US","@id":"https:\/\/renatascaff.com.br\/#\/schema\/logo\/image\/","url":"https:\/\/renatascaff.com.br\/wp-content\/uploads\/2024\/07\/logo-assinatura-pequeno.png","contentUrl":"https:\/\/renatascaff.com.br\/wp-content\/uploads\/2024\/07\/logo-assinatura-pequeno.png","width":148,"height":125,"caption":"Renata Scaff"},"image":{"@id":"https:\/\/renatascaff.com.br\/#\/schema\/logo\/image\/"}}]}},"_links":{"self":[{"href":"https:\/\/renatascaff.com.br\/en\/wp-json\/wp\/v2\/pages\/1102","targetHints":{"allow":["GET"]}}],"collection":[{"href":"https:\/\/renatascaff.com.br\/en\/wp-json\/wp\/v2\/pages"}],"about":[{"href":"https:\/\/renatascaff.com.br\/en\/wp-json\/wp\/v2\/types\/page"}],"author":[{"embeddable":true,"href":"https:\/\/renatascaff.com.br\/en\/wp-json\/wp\/v2\/users\/6"}],"replies":[{"embeddable":true,"href":"https:\/\/renatascaff.com.br\/en\/wp-json\/wp\/v2\/comments?post=1102"}],"version-history":[{"count":0,"href":"https:\/\/renatascaff.com.br\/en\/wp-json\/wp\/v2\/pages\/1102\/revisions"}],"wp:attachment":[{"href":"https:\/\/renatascaff.com.br\/en\/wp-json\/wp\/v2\/media?parent=1102"}],"curies":[{"name":"wp","href":"https:\/\/api.w.org\/{rel}","templated":true}]}}